{"id":5119,"date":"2023-05-17T17:23:59","date_gmt":"2023-05-17T15:23:59","guid":{"rendered":"https:\/\/new.decoczar.pl\/index.php\/product\/wieszaki-slubne-2-szt-lustro-2\/"},"modified":"2023-05-17T17:23:59","modified_gmt":"2023-05-17T15:23:59","slug":"wieszaki-slubne-2-szt-lustro-2","status":"publish","type":"product","link":"https:\/\/new.decoczar.pl\/index.php\/product\/wieszaki-slubne-2-szt-lustro-2\/","title":{"rendered":"WIESZAKI \u015aLUBNE 2 SZT LUSTRO"},"content":{"rendered":"<p>Wieszaki Pary M\u0142odej<\/p>\n<p>WYSY\u0141KA TYLKO KURIER !!!\u00a0<\/p>\n<p> \tDrewniane wieszaki kolor biel i czarny<br \/>\n \tNapisy lustrzane<br \/>\n \tCzas realizacji do 5 dni roboczych po zaksi\u0119gowaniu wp\u0142aty!!! (zale\u017cy Ci na czasie, skontaktuj si\u0119 z nami)<br \/>\n \tKolorowa Kokardka z dekoracyjnym sercem<br \/>\n \tZamawiaj\u0105c wi\u0119cej produkt\u00f3w czas realizacji jest d\u0142u\u017cszy<\/p>\n<p>\u00a0<\/p>\n<p>\u00a0<\/p>\n","protected":false},"excerpt":{"rendered":"<p>Wieszaki Pary M\u0142odej<\/p>\n<p>WYSY\u0141KA TYLKO KURIER !!!\u00a0<\/p>\n<p> \tDrewniane wieszaki kolor biel i czarny<br \/>\n \tNapisy lustrzane<br \/>\n \tCzas realizacji do 5 dni roboczych po zaksi\u0119gowaniu wp\u0142aty!!! (zale\u017cy Ci na czasie, skontaktuj si\u0119 z nami)<br \/>\n \tKolorowa Kokardka z dekoracyjnym sercem<br \/>\n \tZamawiaj\u0105c wi\u0119cej produkt\u00f3w czas realizacji jest d\u0142u\u017cszy<\/p>\n<p>\u00a0<\/p>\n<p>\u00a0<\/p>\n","protected":false},"featured_media":3272,"comment_status":"open","ping_status":"closed","template":"","meta":[],"etheme_brands":[],"product_cat":[78],"product_tag":[],"class_list":["post-5119","product","type-product","status-publish","has-post-thumbnail","hentry","product_cat-slub-dekoracje"],"_links":{"self":[{"href":"https:\/\/new.decoczar.pl\/index.php\/wp-json\/wp\/v2\/product\/5119","targetHints":{"allow":["GET"]}}],"collection":[{"href":"https:\/\/new.decoczar.pl\/index.php\/wp-json\/wp\/v2\/product"}],"about":[{"href":"https:\/\/new.decoczar.pl\/index.php\/wp-json\/wp\/v2\/types\/product"}],"replies":[{"embeddable":true,"href":"https:\/\/new.decoczar.pl\/index.php\/wp-json\/wp\/v2\/comments?post=5119"}],"wp:featuredmedia":[{"embeddable":true,"href":"https:\/\/new.decoczar.pl\/index.php\/wp-json\/wp\/v2\/media\/3272"}],"wp:attachment":[{"href":"https:\/\/new.decoczar.pl\/index.php\/wp-json\/wp\/v2\/media?parent=5119"}],"wp:term":[{"taxonomy":"brand","embeddable":true,"href":"https:\/\/new.decoczar.pl\/index.php\/wp-json\/wp\/v2\/etheme_brands?post=5119"},{"taxonomy":"product_cat","embeddable":true,"href":"https:\/\/new.decoczar.pl\/index.php\/wp-json\/wp\/v2\/product_cat?post=5119"},{"taxonomy":"product_tag","embeddable":true,"href":"https:\/\/new.decoczar.pl\/index.php\/wp-json\/wp\/v2\/product_tag?post=5119"}],"curies":[{"name":"wp","href":"https:\/\/api.w.org\/{rel}","templated":true}]}}