{"id":5217,"date":"2023-05-19T21:33:39","date_gmt":"2023-05-19T19:33:39","guid":{"rendered":"http:\/\/new.decoczar.pl\/index.php\/product\/bombka-drewniana-zawieszka-imie-8\/"},"modified":"2023-05-19T21:33:39","modified_gmt":"2023-05-19T19:33:39","slug":"bombka-drewniana-zawieszka-imie-8","status":"publish","type":"product","link":"https:\/\/new.decoczar.pl\/index.php\/product\/bombka-drewniana-zawieszka-imie-8\/","title":{"rendered":"Bombka Drewniana Zawieszka &#8222;imi\u0119&#8221;"},"content":{"rendered":"<p>Bombka Drewniana<\/p>\n<p> \tWymiary &#8211; \u015brednica 9 cm<br \/>\n \tWykonana ze sklejki brzozowej 3 mm<br \/>\n \tSznurek ozdobny<br \/>\n \tStojak sprzedawany oddzielnie<br \/>\n \tGrafika sanie, renifer<br \/>\n \tKolorowa kokardka<br \/>\n \tW uwagach klienta prosz\u0119 wpisa\u0107 nazw\u0119 firmy, imi\u0119<br \/>\n \tCzas realizacji 2-5 dni roboczych po zaksi\u0119gowaniu wp\u0142aty ( w okresie \u015bwi\u0105tecznym czas realizacji mo\u017ce si\u0119 wyd\u0142u\u017cy\u0107 \ud83d\ude42<\/p>\n<p>Powy\u017cej 4 sztuk wysy\u0142ka kurier<\/p>\n","protected":false},"excerpt":{"rendered":"<p>Bombka Drewniana<\/p>\n<p> \tWymiary &#8211; \u015brednica 9 cm<br \/>\n \tWykonana ze sklejki brzozowej 3 mm<br \/>\n \tSznurek ozdobny<br \/>\n \tStojak sprzedawany oddzielnie<br \/>\n \tGrafika sanie, renifer<br \/>\n \tKolorowa kokardka<br \/>\n \tW uwagach klienta prosz\u0119 wpisa\u0107 nazw\u0119 firmy, imi\u0119<br \/>\n \tCzas realizacji 2-5 dni roboczych po zaksi\u0119gowaniu wp\u0142aty ( w okresie \u015bwi\u0105tecznym czas realizacji mo\u017ce si\u0119 wyd\u0142u\u017cy\u0107 \ud83d\ude42<\/p>\n<p>Powy\u017cej 4 sztuk wysy\u0142ka kurier<\/p>\n","protected":false},"featured_media":3607,"comment_status":"open","ping_status":"closed","template":"","meta":[],"etheme_brands":[],"product_cat":[74],"product_tag":[],"class_list":["post-5217","product","type-product","status-publish","has-post-thumbnail","hentry","product_cat-boze-narodzenie"],"_links":{"self":[{"href":"https:\/\/new.decoczar.pl\/index.php\/wp-json\/wp\/v2\/product\/5217","targetHints":{"allow":["GET"]}}],"collection":[{"href":"https:\/\/new.decoczar.pl\/index.php\/wp-json\/wp\/v2\/product"}],"about":[{"href":"https:\/\/new.decoczar.pl\/index.php\/wp-json\/wp\/v2\/types\/product"}],"replies":[{"embeddable":true,"href":"https:\/\/new.decoczar.pl\/index.php\/wp-json\/wp\/v2\/comments?post=5217"}],"wp:featuredmedia":[{"embeddable":true,"href":"https:\/\/new.decoczar.pl\/index.php\/wp-json\/wp\/v2\/media\/3607"}],"wp:attachment":[{"href":"https:\/\/new.decoczar.pl\/index.php\/wp-json\/wp\/v2\/media?parent=5217"}],"wp:term":[{"taxonomy":"brand","embeddable":true,"href":"https:\/\/new.decoczar.pl\/index.php\/wp-json\/wp\/v2\/etheme_brands?post=5217"},{"taxonomy":"product_cat","embeddable":true,"href":"https:\/\/new.decoczar.pl\/index.php\/wp-json\/wp\/v2\/product_cat?post=5217"},{"taxonomy":"product_tag","embeddable":true,"href":"https:\/\/new.decoczar.pl\/index.php\/wp-json\/wp\/v2\/product_tag?post=5217"}],"curies":[{"name":"wp","href":"https:\/\/api.w.org\/{rel}","templated":true}]}}