{"id":5271,"date":"2023-05-21T13:51:12","date_gmt":"2023-05-21T11:51:12","guid":{"rendered":"http:\/\/new.decoczar.pl\/index.php\/product\/brelok-jednorozec-2\/"},"modified":"2023-05-21T13:51:12","modified_gmt":"2023-05-21T11:51:12","slug":"brelok-jednorozec-2","status":"publish","type":"product","link":"https:\/\/new.decoczar.pl\/index.php\/product\/brelok-jednorozec-2\/","title":{"rendered":"Brelok Jednoro\u017cec"},"content":{"rendered":"<p>Brelok z grawerem \u015bwietny upominek<\/p>\n<p> \tWymiary 6&#215;6 cm<br \/>\n \tWykonany ze sklejki brzozowej 3 mm<br \/>\n \tNaklejka cyrkonia<br \/>\n \tRealizacja 2-5 dni robocze\u00a0 zale\u017cy Ci na czasie \u2013 skontaktuj si\u0119 z nami<br \/>\n \tW uwagach dla klienta prosz\u0119 wpisa\u0107 modyfikacje tekstu np. imi\u0119,<br \/>\n \tPowy\u017cej 5 szt wysy\u0142ka tylko kurierem<\/p>\n<p>\u00a0<\/p>\n","protected":false},"excerpt":{"rendered":"<p>Brelok z grawerem \u015bwietny upominek<\/p>\n<p> \tWymiary 6&#215;6 cm<br \/>\n \tWykonany ze sklejki brzozowej 3 mm<br \/>\n \tNaklejka cyrkonia<br \/>\n \tRealizacja 2-5 dni robocze\u00a0 zale\u017cy Ci na czasie \u2013 skontaktuj si\u0119 z nami<br \/>\n \tW uwagach dla klienta prosz\u0119 wpisa\u0107 modyfikacje tekstu np. imi\u0119,<br \/>\n \tPowy\u017cej 5 szt wysy\u0142ka tylko kurierem<\/p>\n<p>\u00a0<\/p>\n","protected":false},"featured_media":3806,"comment_status":"open","ping_status":"closed","template":"","meta":[],"etheme_brands":[],"product_cat":[209],"product_tag":[],"class_list":["post-5271","product","type-product","status-publish","has-post-thumbnail","hentry","product_cat-promocja"],"_links":{"self":[{"href":"https:\/\/new.decoczar.pl\/index.php\/wp-json\/wp\/v2\/product\/5271","targetHints":{"allow":["GET"]}}],"collection":[{"href":"https:\/\/new.decoczar.pl\/index.php\/wp-json\/wp\/v2\/product"}],"about":[{"href":"https:\/\/new.decoczar.pl\/index.php\/wp-json\/wp\/v2\/types\/product"}],"replies":[{"embeddable":true,"href":"https:\/\/new.decoczar.pl\/index.php\/wp-json\/wp\/v2\/comments?post=5271"}],"wp:featuredmedia":[{"embeddable":true,"href":"https:\/\/new.decoczar.pl\/index.php\/wp-json\/wp\/v2\/media\/3806"}],"wp:attachment":[{"href":"https:\/\/new.decoczar.pl\/index.php\/wp-json\/wp\/v2\/media?parent=5271"}],"wp:term":[{"taxonomy":"brand","embeddable":true,"href":"https:\/\/new.decoczar.pl\/index.php\/wp-json\/wp\/v2\/etheme_brands?post=5271"},{"taxonomy":"product_cat","embeddable":true,"href":"https:\/\/new.decoczar.pl\/index.php\/wp-json\/wp\/v2\/product_cat?post=5271"},{"taxonomy":"product_tag","embeddable":true,"href":"https:\/\/new.decoczar.pl\/index.php\/wp-json\/wp\/v2\/product_tag?post=5271"}],"curies":[{"name":"wp","href":"https:\/\/api.w.org\/{rel}","templated":true}]}}