{"id":5275,"date":"2023-05-21T13:51:13","date_gmt":"2023-05-21T11:51:13","guid":{"rendered":"http:\/\/new.decoczar.pl\/index.php\/product\/brelok-z-grawerem-bede-tata-2\/"},"modified":"2023-05-21T13:51:13","modified_gmt":"2023-05-21T11:51:13","slug":"brelok-z-grawerem-bede-tata-2","status":"publish","type":"product","link":"https:\/\/new.decoczar.pl\/index.php\/product\/brelok-z-grawerem-bede-tata-2\/","title":{"rendered":"Brelok z grawerem &#8222;B\u0119d\u0119 Tat\u0105&#8221;"},"content":{"rendered":"<p>SPERSONALIZOWANY BRELOK\u00a0<\/p>\n<p>Idealny prezent dla przysz\u0142ego taty, mi\u0142y gest aby powiadomi\u0107 o przysz\u0142ym male\u0144stwie.\u00a0<\/p>\n<p>\u00a0<\/p>\n<p>\u00a0<\/p>\n<p>\u00a0<\/p>\n","protected":false},"excerpt":{"rendered":"<p>SPERSONALIZOWANY BRELOK\u00a0<\/p>\n<p>Idealny prezent dla przysz\u0142ego taty, mi\u0142y gest aby powiadomi\u0107 o przysz\u0142ym male\u0144stwie.\u00a0<\/p>\n<p>\u00a0<\/p>\n<p>\u00a0<\/p>\n<p>\u00a0<\/p>\n","protected":false},"featured_media":3825,"comment_status":"open","ping_status":"closed","template":"","meta":[],"etheme_brands":[],"product_cat":[209],"product_tag":[],"class_list":["post-5275","product","type-product","status-publish","has-post-thumbnail","hentry","product_cat-promocja"],"_links":{"self":[{"href":"https:\/\/new.decoczar.pl\/index.php\/wp-json\/wp\/v2\/product\/5275","targetHints":{"allow":["GET"]}}],"collection":[{"href":"https:\/\/new.decoczar.pl\/index.php\/wp-json\/wp\/v2\/product"}],"about":[{"href":"https:\/\/new.decoczar.pl\/index.php\/wp-json\/wp\/v2\/types\/product"}],"replies":[{"embeddable":true,"href":"https:\/\/new.decoczar.pl\/index.php\/wp-json\/wp\/v2\/comments?post=5275"}],"wp:featuredmedia":[{"embeddable":true,"href":"https:\/\/new.decoczar.pl\/index.php\/wp-json\/wp\/v2\/media\/3825"}],"wp:attachment":[{"href":"https:\/\/new.decoczar.pl\/index.php\/wp-json\/wp\/v2\/media?parent=5275"}],"wp:term":[{"taxonomy":"brand","embeddable":true,"href":"https:\/\/new.decoczar.pl\/index.php\/wp-json\/wp\/v2\/etheme_brands?post=5275"},{"taxonomy":"product_cat","embeddable":true,"href":"https:\/\/new.decoczar.pl\/index.php\/wp-json\/wp\/v2\/product_cat?post=5275"},{"taxonomy":"product_tag","embeddable":true,"href":"https:\/\/new.decoczar.pl\/index.php\/wp-json\/wp\/v2\/product_tag?post=5275"}],"curies":[{"name":"wp","href":"https:\/\/api.w.org\/{rel}","templated":true}]}}