{"id":5302,"date":"2023-05-21T13:51:42","date_gmt":"2023-05-21T11:51:42","guid":{"rendered":"http:\/\/new.decoczar.pl\/index.php\/product\/brelok-z-grawerem-puzzel-slub-rocznica-2\/"},"modified":"2023-05-21T13:51:42","modified_gmt":"2023-05-21T11:51:42","slug":"brelok-z-grawerem-puzzel-slub-rocznica-2","status":"publish","type":"product","link":"https:\/\/new.decoczar.pl\/index.php\/product\/brelok-z-grawerem-puzzel-slub-rocznica-2\/","title":{"rendered":"Brelok z grawerem puzzel \u015aLUB, ROCZNICA"},"content":{"rendered":"<p>Brelok z grawerem puzzel<\/p>\n<p> \tWymiary 6,5&#215;4,5 cm<br \/>\n \tWykonany ze sklejki brzozowej 3 mm<br \/>\n \tGRATIS !!! Brelok jest zapakowany w ozdobny prezentowy woreczek<br \/>\n \tRealizacja 5 dni robocze\u00a0 zale\u017cy Ci na czasie \u2013 skontaktuj si\u0119 z nami<br \/>\n \tW uwagach dla klienta prosz\u0119 wpisa\u0107 dat\u0119 \u015blubu,imiona,miesi\u0105c i rok<\/p>\n","protected":false},"excerpt":{"rendered":"<p>Brelok z grawerem puzzel<\/p>\n<p> \tWymiary 6,5&#215;4,5 cm<br \/>\n \tWykonany ze sklejki brzozowej 3 mm<br \/>\n \tGRATIS !!! Brelok jest zapakowany w ozdobny prezentowy woreczek<br \/>\n \tRealizacja 5 dni robocze\u00a0 zale\u017cy Ci na czasie \u2013 skontaktuj si\u0119 z nami<br \/>\n \tW uwagach dla klienta prosz\u0119 wpisa\u0107 dat\u0119 \u015blubu,imiona,miesi\u0105c i rok<\/p>\n","protected":false},"featured_media":3931,"comment_status":"open","ping_status":"closed","template":"","meta":[],"etheme_brands":[],"product_cat":[78],"product_tag":[],"class_list":["post-5302","product","type-product","status-publish","has-post-thumbnail","hentry","product_cat-slub-dekoracje"],"_links":{"self":[{"href":"https:\/\/new.decoczar.pl\/index.php\/wp-json\/wp\/v2\/product\/5302","targetHints":{"allow":["GET"]}}],"collection":[{"href":"https:\/\/new.decoczar.pl\/index.php\/wp-json\/wp\/v2\/product"}],"about":[{"href":"https:\/\/new.decoczar.pl\/index.php\/wp-json\/wp\/v2\/types\/product"}],"replies":[{"embeddable":true,"href":"https:\/\/new.decoczar.pl\/index.php\/wp-json\/wp\/v2\/comments?post=5302"}],"wp:featuredmedia":[{"embeddable":true,"href":"https:\/\/new.decoczar.pl\/index.php\/wp-json\/wp\/v2\/media\/3931"}],"wp:attachment":[{"href":"https:\/\/new.decoczar.pl\/index.php\/wp-json\/wp\/v2\/media?parent=5302"}],"wp:term":[{"taxonomy":"brand","embeddable":true,"href":"https:\/\/new.decoczar.pl\/index.php\/wp-json\/wp\/v2\/etheme_brands?post=5302"},{"taxonomy":"product_cat","embeddable":true,"href":"https:\/\/new.decoczar.pl\/index.php\/wp-json\/wp\/v2\/product_cat?post=5302"},{"taxonomy":"product_tag","embeddable":true,"href":"https:\/\/new.decoczar.pl\/index.php\/wp-json\/wp\/v2\/product_tag?post=5302"}],"curies":[{"name":"wp","href":"https:\/\/api.w.org\/{rel}","templated":true}]}}