{"id":5304,"date":"2023-05-21T13:51:42","date_gmt":"2023-05-21T11:51:42","guid":{"rendered":"http:\/\/new.decoczar.pl\/index.php\/product\/brelok-z-grawerem-ciaza-2\/"},"modified":"2023-05-21T13:51:42","modified_gmt":"2023-05-21T11:51:42","slug":"brelok-z-grawerem-ciaza-2","status":"publish","type":"product","link":"https:\/\/new.decoczar.pl\/index.php\/product\/brelok-z-grawerem-ciaza-2\/","title":{"rendered":"Brelok z grawerem Ci\u0105\u017ca"},"content":{"rendered":"<p>PERSONALIZOWANY BRELOK<\/p>\n<p>Idealny prezent dla bliskiej osoby.\u00a0<br \/>\nPrzypomina ukochanej osobie o tym, \u017ce kto\u015b o niej my\u015bli oraz sk\u0142ania do bezpiecznej i ostro\u017cnej jazdy.<\/p>\n<p>\u00a0<\/p>\n<p>\u00a0<\/p>\n<p>\u00a0<\/p>\n","protected":false},"excerpt":{"rendered":"<p>PERSONALIZOWANY BRELOK<\/p>\n<p>Idealny prezent dla bliskiej osoby.\u00a0<br \/>\nPrzypomina ukochanej osobie o tym, \u017ce kto\u015b o niej my\u015bli oraz sk\u0142ania do bezpiecznej i ostro\u017cnej jazdy.<\/p>\n<p>\u00a0<\/p>\n<p>\u00a0<\/p>\n<p>\u00a0<\/p>\n","protected":false},"featured_media":3935,"comment_status":"open","ping_status":"closed","template":"","meta":[],"etheme_brands":[],"product_cat":[78],"product_tag":[],"class_list":["post-5304","product","type-product","status-publish","has-post-thumbnail","hentry","product_cat-slub-dekoracje"],"_links":{"self":[{"href":"https:\/\/new.decoczar.pl\/index.php\/wp-json\/wp\/v2\/product\/5304","targetHints":{"allow":["GET"]}}],"collection":[{"href":"https:\/\/new.decoczar.pl\/index.php\/wp-json\/wp\/v2\/product"}],"about":[{"href":"https:\/\/new.decoczar.pl\/index.php\/wp-json\/wp\/v2\/types\/product"}],"replies":[{"embeddable":true,"href":"https:\/\/new.decoczar.pl\/index.php\/wp-json\/wp\/v2\/comments?post=5304"}],"wp:featuredmedia":[{"embeddable":true,"href":"https:\/\/new.decoczar.pl\/index.php\/wp-json\/wp\/v2\/media\/3935"}],"wp:attachment":[{"href":"https:\/\/new.decoczar.pl\/index.php\/wp-json\/wp\/v2\/media?parent=5304"}],"wp:term":[{"taxonomy":"brand","embeddable":true,"href":"https:\/\/new.decoczar.pl\/index.php\/wp-json\/wp\/v2\/etheme_brands?post=5304"},{"taxonomy":"product_cat","embeddable":true,"href":"https:\/\/new.decoczar.pl\/index.php\/wp-json\/wp\/v2\/product_cat?post=5304"},{"taxonomy":"product_tag","embeddable":true,"href":"https:\/\/new.decoczar.pl\/index.php\/wp-json\/wp\/v2\/product_tag?post=5304"}],"curies":[{"name":"wp","href":"https:\/\/api.w.org\/{rel}","templated":true}]}}