{"id":5310,"date":"2023-05-21T13:51:43","date_gmt":"2023-05-21T11:51:43","guid":{"rendered":"http:\/\/new.decoczar.pl\/index.php\/product\/topper-cyferka-brokat-2-2\/"},"modified":"2023-05-21T13:51:43","modified_gmt":"2023-05-21T11:51:43","slug":"topper-cyferka-brokat-2-2","status":"publish","type":"product","link":"https:\/\/new.decoczar.pl\/index.php\/product\/topper-cyferka-brokat-2-2\/","title":{"rendered":"Topper Cyferka Brokat 2"},"content":{"rendered":"<p>Topper Cyferka Brokat\u00a0<\/p>\n<p> \tWymiary wysoko\u015b\u0107 15 cm<br \/>\n \tSzeroko\u015b\u0107 4 cm<br \/>\n \tWykonany ze sklejki brzozowej 3 mm nie z cienkiej\u00a0beermaty<br \/>\n \tDrewniane szpilka do wbicia<br \/>\n \tBrokat<br \/>\n \tKokardka (niebieska, ro\u017c, ecru )<br \/>\n \tWysoka jako\u015b\u0107 wykonania<br \/>\n \tTopper jednostronny<br \/>\n \tPo wcze\u015bniejszym kontakcie jest mo\u017cliwo\u015b\u0107 zaprojektowania cyferki w innym kolorze brokatu<br \/>\n \tW uwagach do zam\u00f3wienia prosz\u0119 poda\u0107 kolor brokatu oraz kokardki<\/p>\n","protected":false},"excerpt":{"rendered":"<p>Topper Cyferka Brokat\u00a0<\/p>\n<p> \tWymiary wysoko\u015b\u0107 15 cm<br \/>\n \tSzeroko\u015b\u0107 4 cm<br \/>\n \tWykonany ze sklejki brzozowej 3 mm nie z cienkiej\u00a0beermaty<br \/>\n \tDrewniane szpilka do wbicia<br \/>\n \tBrokat<br \/>\n \tKokardka (niebieska, ro\u017c, ecru )<br \/>\n \tWysoka jako\u015b\u0107 wykonania<br \/>\n \tTopper jednostronny<br \/>\n \tPo wcze\u015bniejszym kontakcie jest mo\u017cliwo\u015b\u0107 zaprojektowania cyferki w innym kolorze brokatu<br \/>\n \tW uwagach do zam\u00f3wienia prosz\u0119 poda\u0107 kolor brokatu oraz kokardki<\/p>\n","protected":false},"featured_media":3951,"comment_status":"open","ping_status":"closed","template":"","meta":[],"etheme_brands":[],"product_cat":[64],"product_tag":[],"class_list":["post-5310","product","type-product","status-publish","has-post-thumbnail","hentry","product_cat-topper"],"_links":{"self":[{"href":"https:\/\/new.decoczar.pl\/index.php\/wp-json\/wp\/v2\/product\/5310","targetHints":{"allow":["GET"]}}],"collection":[{"href":"https:\/\/new.decoczar.pl\/index.php\/wp-json\/wp\/v2\/product"}],"about":[{"href":"https:\/\/new.decoczar.pl\/index.php\/wp-json\/wp\/v2\/types\/product"}],"replies":[{"embeddable":true,"href":"https:\/\/new.decoczar.pl\/index.php\/wp-json\/wp\/v2\/comments?post=5310"}],"wp:featuredmedia":[{"embeddable":true,"href":"https:\/\/new.decoczar.pl\/index.php\/wp-json\/wp\/v2\/media\/3951"}],"wp:attachment":[{"href":"https:\/\/new.decoczar.pl\/index.php\/wp-json\/wp\/v2\/media?parent=5310"}],"wp:term":[{"taxonomy":"brand","embeddable":true,"href":"https:\/\/new.decoczar.pl\/index.php\/wp-json\/wp\/v2\/etheme_brands?post=5310"},{"taxonomy":"product_cat","embeddable":true,"href":"https:\/\/new.decoczar.pl\/index.php\/wp-json\/wp\/v2\/product_cat?post=5310"},{"taxonomy":"product_tag","embeddable":true,"href":"https:\/\/new.decoczar.pl\/index.php\/wp-json\/wp\/v2\/product_tag?post=5310"}],"curies":[{"name":"wp","href":"https:\/\/api.w.org\/{rel}","templated":true}]}}