{"id":5353,"date":"2023-05-22T09:14:15","date_gmt":"2023-05-22T07:14:15","guid":{"rendered":"http:\/\/new.decoczar.pl\/index.php\/product\/brelok-stopka-z-grawerem-5\/"},"modified":"2023-05-22T09:14:15","modified_gmt":"2023-05-22T07:14:15","slug":"brelok-stopka-z-grawerem-5","status":"publish","type":"product","link":"https:\/\/new.decoczar.pl\/index.php\/product\/brelok-stopka-z-grawerem-5\/","title":{"rendered":"Brelok st\u00f3pka z grawerem"},"content":{"rendered":"<p>Brelok z grawerem do kluczy idealny upominek dla bliskiej osoby<\/p>\n<p>Grawer mo\u017cemy dowolfikowa\u0107 na \u017cyczenie klienta dodajemy ma\u0142e grafiki np serce gwiazdk\u0119<\/p>\n<p>\u00a0<\/p>\n","protected":false},"excerpt":{"rendered":"<p>Brelok z grawerem do kluczy idealny upominek dla bliskiej osoby<\/p>\n<p>Grawer mo\u017cemy dowolfikowa\u0107 na \u017cyczenie klienta dodajemy ma\u0142e grafiki np serce gwiazdk\u0119<\/p>\n<p>\u00a0<\/p>\n","protected":false},"featured_media":4146,"comment_status":"open","ping_status":"closed","template":"","meta":[],"etheme_brands":[],"product_cat":[209],"product_tag":[],"class_list":["post-5353","product","type-product","status-publish","has-post-thumbnail","hentry","product_cat-promocja"],"_links":{"self":[{"href":"https:\/\/new.decoczar.pl\/index.php\/wp-json\/wp\/v2\/product\/5353","targetHints":{"allow":["GET"]}}],"collection":[{"href":"https:\/\/new.decoczar.pl\/index.php\/wp-json\/wp\/v2\/product"}],"about":[{"href":"https:\/\/new.decoczar.pl\/index.php\/wp-json\/wp\/v2\/types\/product"}],"replies":[{"embeddable":true,"href":"https:\/\/new.decoczar.pl\/index.php\/wp-json\/wp\/v2\/comments?post=5353"}],"wp:featuredmedia":[{"embeddable":true,"href":"https:\/\/new.decoczar.pl\/index.php\/wp-json\/wp\/v2\/media\/4146"}],"wp:attachment":[{"href":"https:\/\/new.decoczar.pl\/index.php\/wp-json\/wp\/v2\/media?parent=5353"}],"wp:term":[{"taxonomy":"brand","embeddable":true,"href":"https:\/\/new.decoczar.pl\/index.php\/wp-json\/wp\/v2\/etheme_brands?post=5353"},{"taxonomy":"product_cat","embeddable":true,"href":"https:\/\/new.decoczar.pl\/index.php\/wp-json\/wp\/v2\/product_cat?post=5353"},{"taxonomy":"product_tag","embeddable":true,"href":"https:\/\/new.decoczar.pl\/index.php\/wp-json\/wp\/v2\/product_tag?post=5353"}],"curies":[{"name":"wp","href":"https:\/\/api.w.org\/{rel}","templated":true}]}}