{"id":5356,"date":"2023-05-22T09:14:16","date_gmt":"2023-05-22T07:14:16","guid":{"rendered":"http:\/\/new.decoczar.pl\/index.php\/product\/zaproszenie-drewniane-slub-dla-swiadkow-2\/"},"modified":"2023-05-22T09:14:16","modified_gmt":"2023-05-22T07:14:16","slug":"zaproszenie-drewniane-slub-dla-swiadkow-2","status":"publish","type":"product","link":"https:\/\/new.decoczar.pl\/index.php\/product\/zaproszenie-drewniane-slub-dla-swiadkow-2\/","title":{"rendered":"Zaproszenie Drewniane \u015alub &#8222;Dla \u015awiadk\u00f3w&#8221;"},"content":{"rendered":"<p>Zaproszenie drewniane dla \u015bwiadk\u00f3w<\/p>\n<p> \tCi\u0119cie laserowe<br \/>\n \tWymiary 10 x 15 cm\u00a0<br \/>\n \tZaproszenie wykonane ze sklejki brzozowej 3 mm<br \/>\n \tDowolna grafika np. go\u0142\u0119bie,obr\u0105czki,para m\u0142oda<br \/>\n \tGrawer mo\u017cemy dowolnie modyfikowa\u0107<br \/>\n \tW uwagach do zam\u00f3wienia prosz\u0119 wpisa\u0107 wszelkie informacj\u0119 imiona,dat\u0119 itp<br \/>\n \tGRATIS !!! koperta br\u0105zowa z naklejk\u0105\u00a0\u00a0<\/p>\n<p>Powy\u017cej 3 szt wysy\u0142ka kurier<\/p>\n<p>\u00a0<\/p>\n","protected":false},"excerpt":{"rendered":"<p>Zaproszenie drewniane dla \u015bwiadk\u00f3w<\/p>\n<p> \tCi\u0119cie laserowe<br \/>\n \tWymiary 10 x 15 cm\u00a0<br \/>\n \tZaproszenie wykonane ze sklejki brzozowej 3 mm<br \/>\n \tDowolna grafika np. go\u0142\u0119bie,obr\u0105czki,para m\u0142oda<br \/>\n \tGrawer mo\u017cemy dowolnie modyfikowa\u0107<br \/>\n \tW uwagach do zam\u00f3wienia prosz\u0119 wpisa\u0107 wszelkie informacj\u0119 imiona,dat\u0119 itp<br \/>\n \tGRATIS !!! koperta br\u0105zowa z naklejk\u0105\u00a0\u00a0<\/p>\n<p>Powy\u017cej 3 szt wysy\u0142ka kurier<\/p>\n<p>\u00a0<\/p>\n","protected":false},"featured_media":4152,"comment_status":"open","ping_status":"closed","template":"","meta":[],"etheme_brands":[],"product_cat":[78],"product_tag":[],"class_list":["post-5356","product","type-product","status-publish","has-post-thumbnail","hentry","product_cat-slub-dekoracje"],"_links":{"self":[{"href":"https:\/\/new.decoczar.pl\/index.php\/wp-json\/wp\/v2\/product\/5356","targetHints":{"allow":["GET"]}}],"collection":[{"href":"https:\/\/new.decoczar.pl\/index.php\/wp-json\/wp\/v2\/product"}],"about":[{"href":"https:\/\/new.decoczar.pl\/index.php\/wp-json\/wp\/v2\/types\/product"}],"replies":[{"embeddable":true,"href":"https:\/\/new.decoczar.pl\/index.php\/wp-json\/wp\/v2\/comments?post=5356"}],"wp:featuredmedia":[{"embeddable":true,"href":"https:\/\/new.decoczar.pl\/index.php\/wp-json\/wp\/v2\/media\/4152"}],"wp:attachment":[{"href":"https:\/\/new.decoczar.pl\/index.php\/wp-json\/wp\/v2\/media?parent=5356"}],"wp:term":[{"taxonomy":"brand","embeddable":true,"href":"https:\/\/new.decoczar.pl\/index.php\/wp-json\/wp\/v2\/etheme_brands?post=5356"},{"taxonomy":"product_cat","embeddable":true,"href":"https:\/\/new.decoczar.pl\/index.php\/wp-json\/wp\/v2\/product_cat?post=5356"},{"taxonomy":"product_tag","embeddable":true,"href":"https:\/\/new.decoczar.pl\/index.php\/wp-json\/wp\/v2\/product_tag?post=5356"}],"curies":[{"name":"wp","href":"https:\/\/api.w.org\/{rel}","templated":true}]}}