{"id":5402,"date":"2023-05-22T18:15:48","date_gmt":"2023-05-22T16:15:48","guid":{"rendered":"https:\/\/new.decoczar.pl\/index.php\/product\/brelok-z-grawerem-24\/"},"modified":"2023-05-22T18:15:48","modified_gmt":"2023-05-22T16:15:48","slug":"brelok-z-grawerem-24","status":"publish","type":"product","link":"https:\/\/new.decoczar.pl\/index.php\/product\/brelok-z-grawerem-24\/","title":{"rendered":"Brelok z grawerem"},"content":{"rendered":"<p>Brelok z grawerem do kluczy idealny upominek dla bliskiej osoby<\/p>\n<p>Grawer mo\u017cemy dowolnie modyfikowa\u0107 na \u017cyczenie klienta dodajemy ma\u0142e grafiki np serce gwiazdk\u0119<\/p>\n<p>Tre\u015b\u0107 breloka do trzech czterech zda\u0144.<\/p>\n<p>\u00a0<\/p>\n","protected":false},"excerpt":{"rendered":"<p>Brelok z grawerem do kluczy idealny upominek dla bliskiej osoby<\/p>\n<p>Grawer mo\u017cemy dowolnie modyfikowa\u0107 na \u017cyczenie klienta dodajemy ma\u0142e grafiki np serce gwiazdk\u0119<\/p>\n<p>Tre\u015b\u0107 breloka do trzech czterech zda\u0144.<\/p>\n<p>\u00a0<\/p>\n","protected":false},"featured_media":4340,"comment_status":"open","ping_status":"closed","template":"","meta":[],"etheme_brands":[],"product_cat":[209],"product_tag":[],"class_list":["post-5402","product","type-product","status-publish","has-post-thumbnail","hentry","product_cat-promocja"],"_links":{"self":[{"href":"https:\/\/new.decoczar.pl\/index.php\/wp-json\/wp\/v2\/product\/5402","targetHints":{"allow":["GET"]}}],"collection":[{"href":"https:\/\/new.decoczar.pl\/index.php\/wp-json\/wp\/v2\/product"}],"about":[{"href":"https:\/\/new.decoczar.pl\/index.php\/wp-json\/wp\/v2\/types\/product"}],"replies":[{"embeddable":true,"href":"https:\/\/new.decoczar.pl\/index.php\/wp-json\/wp\/v2\/comments?post=5402"}],"wp:featuredmedia":[{"embeddable":true,"href":"https:\/\/new.decoczar.pl\/index.php\/wp-json\/wp\/v2\/media\/4340"}],"wp:attachment":[{"href":"https:\/\/new.decoczar.pl\/index.php\/wp-json\/wp\/v2\/media?parent=5402"}],"wp:term":[{"taxonomy":"brand","embeddable":true,"href":"https:\/\/new.decoczar.pl\/index.php\/wp-json\/wp\/v2\/etheme_brands?post=5402"},{"taxonomy":"product_cat","embeddable":true,"href":"https:\/\/new.decoczar.pl\/index.php\/wp-json\/wp\/v2\/product_cat?post=5402"},{"taxonomy":"product_tag","embeddable":true,"href":"https:\/\/new.decoczar.pl\/index.php\/wp-json\/wp\/v2\/product_tag?post=5402"}],"curies":[{"name":"wp","href":"https:\/\/api.w.org\/{rel}","templated":true}]}}