{"id":5409,"date":"2023-05-22T23:00:25","date_gmt":"2023-05-22T21:00:25","guid":{"rendered":"http:\/\/new.decoczar.pl\/index.php\/product\/brelok-z-grawerem-26\/"},"modified":"2023-05-22T23:00:25","modified_gmt":"2023-05-22T21:00:25","slug":"brelok-z-grawerem-26","status":"publish","type":"product","link":"https:\/\/new.decoczar.pl\/index.php\/product\/brelok-z-grawerem-26\/","title":{"rendered":"Brelok z grawerem"},"content":{"rendered":"<p>Brelok z grawerem do kluczy idealny upominek dla bliskiej osoby<\/p>\n<p>Grawer mo\u017cemy dowolnie modyfikowa\u0107 na \u017cyczenie klienta dodajemy ma\u0142e grafiki np serce gwiazdk\u0119<\/p>\n<p>Tre\u015b\u0107 breloka do trzech zda\u0144.<\/p>\n<p>\u00a0<\/p>\n","protected":false},"excerpt":{"rendered":"<p>Brelok z grawerem do kluczy idealny upominek dla bliskiej osoby<\/p>\n<p>Grawer mo\u017cemy dowolnie modyfikowa\u0107 na \u017cyczenie klienta dodajemy ma\u0142e grafiki np serce gwiazdk\u0119<\/p>\n<p>Tre\u015b\u0107 breloka do trzech zda\u0144.<\/p>\n<p>\u00a0<\/p>\n","protected":false},"featured_media":4429,"comment_status":"open","ping_status":"closed","template":"","meta":[],"etheme_brands":[],"product_cat":[209],"product_tag":[],"class_list":["post-5409","product","type-product","status-publish","has-post-thumbnail","hentry","product_cat-promocja"],"_links":{"self":[{"href":"https:\/\/new.decoczar.pl\/index.php\/wp-json\/wp\/v2\/product\/5409","targetHints":{"allow":["GET"]}}],"collection":[{"href":"https:\/\/new.decoczar.pl\/index.php\/wp-json\/wp\/v2\/product"}],"about":[{"href":"https:\/\/new.decoczar.pl\/index.php\/wp-json\/wp\/v2\/types\/product"}],"replies":[{"embeddable":true,"href":"https:\/\/new.decoczar.pl\/index.php\/wp-json\/wp\/v2\/comments?post=5409"}],"wp:featuredmedia":[{"embeddable":true,"href":"https:\/\/new.decoczar.pl\/index.php\/wp-json\/wp\/v2\/media\/4429"}],"wp:attachment":[{"href":"https:\/\/new.decoczar.pl\/index.php\/wp-json\/wp\/v2\/media?parent=5409"}],"wp:term":[{"taxonomy":"brand","embeddable":true,"href":"https:\/\/new.decoczar.pl\/index.php\/wp-json\/wp\/v2\/etheme_brands?post=5409"},{"taxonomy":"product_cat","embeddable":true,"href":"https:\/\/new.decoczar.pl\/index.php\/wp-json\/wp\/v2\/product_cat?post=5409"},{"taxonomy":"product_tag","embeddable":true,"href":"https:\/\/new.decoczar.pl\/index.php\/wp-json\/wp\/v2\/product_tag?post=5409"}],"curies":[{"name":"wp","href":"https:\/\/api.w.org\/{rel}","templated":true}]}}