{"id":5456,"date":"2023-06-02T05:23:41","date_gmt":"2023-06-02T03:23:41","guid":{"rendered":"https:\/\/new.decoczar.pl\/index.php\/product\/podkladka-mala-okrag-flower-2\/"},"modified":"2023-06-02T05:23:41","modified_gmt":"2023-06-02T03:23:41","slug":"podkladka-mala-okrag-flower-2","status":"publish","type":"product","link":"https:\/\/new.decoczar.pl\/index.php\/product\/podkladka-mala-okrag-flower-2\/","title":{"rendered":"Podk\u0142adka ma\u0142a okr\u0105g &#8221; FLOWER&#8221;"},"content":{"rendered":"<p>Cechy produktu :<\/p>\n<p> \tMateria\u0142 : \u017cywica (DIPON )<br \/>\n \tWymiary 10&#215;10 cm<br \/>\n \tKolory : bia\u0142y, r\u00f3\u017c, niebieski<br \/>\n \tDost\u0119pna 1 szt od r\u0119ki<br \/>\n \tCzy\u015bci\u0107 mi\u0119kk\u0105 \u015bciereczk\u0105<\/p>\n","protected":false},"excerpt":{"rendered":"<p>Cechy produktu :<\/p>\n<p> \tMateria\u0142 : \u017cywica (DIPON )<br \/>\n \tWymiary 10&#215;10 cm<br \/>\n \tKolory : bia\u0142y, r\u00f3\u017c, niebieski<br \/>\n \tDost\u0119pna 1 szt od r\u0119ki<br \/>\n \tCzy\u015bci\u0107 mi\u0119kk\u0105 \u015bciereczk\u0105<\/p>\n","protected":false},"featured_media":4570,"comment_status":"open","ping_status":"closed","template":"","meta":[],"etheme_brands":[],"product_cat":[191],"product_tag":[],"class_list":["post-5456","product","type-product","status-publish","has-post-thumbnail","hentry","product_cat-dostepne-od-reki-produkty-z-zywicy"],"_links":{"self":[{"href":"https:\/\/new.decoczar.pl\/index.php\/wp-json\/wp\/v2\/product\/5456","targetHints":{"allow":["GET"]}}],"collection":[{"href":"https:\/\/new.decoczar.pl\/index.php\/wp-json\/wp\/v2\/product"}],"about":[{"href":"https:\/\/new.decoczar.pl\/index.php\/wp-json\/wp\/v2\/types\/product"}],"replies":[{"embeddable":true,"href":"https:\/\/new.decoczar.pl\/index.php\/wp-json\/wp\/v2\/comments?post=5456"}],"wp:featuredmedia":[{"embeddable":true,"href":"https:\/\/new.decoczar.pl\/index.php\/wp-json\/wp\/v2\/media\/4570"}],"wp:attachment":[{"href":"https:\/\/new.decoczar.pl\/index.php\/wp-json\/wp\/v2\/media?parent=5456"}],"wp:term":[{"taxonomy":"brand","embeddable":true,"href":"https:\/\/new.decoczar.pl\/index.php\/wp-json\/wp\/v2\/etheme_brands?post=5456"},{"taxonomy":"product_cat","embeddable":true,"href":"https:\/\/new.decoczar.pl\/index.php\/wp-json\/wp\/v2\/product_cat?post=5456"},{"taxonomy":"product_tag","embeddable":true,"href":"https:\/\/new.decoczar.pl\/index.php\/wp-json\/wp\/v2\/product_tag?post=5456"}],"curies":[{"name":"wp","href":"https:\/\/api.w.org\/{rel}","templated":true}]}}