{"id":5478,"date":"2023-06-02T05:36:42","date_gmt":"2023-06-02T03:36:42","guid":{"rendered":"https:\/\/new.decoczar.pl\/index.php\/product\/taca-dekoracyjna-z-falami-2\/"},"modified":"2023-06-02T05:36:42","modified_gmt":"2023-06-02T03:36:42","slug":"taca-dekoracyjna-z-falami-2","status":"publish","type":"product","link":"https:\/\/new.decoczar.pl\/index.php\/product\/taca-dekoracyjna-z-falami-2\/","title":{"rendered":"Taca dekoracyjna z falami"},"content":{"rendered":"<p>Cechy produktu :<\/p>\n<p> \tWymiary 26,5 cm x 17,5 cm<br \/>\n \tMateria\u0142 : drewno, \u017cywica<br \/>\n \tKolory : bia\u0142y, transparentny czarny<br \/>\n \tDost\u0119pna 1 sztuka<br \/>\n \tZamawiaj\u0105c kilka sztuk czas realizacji jest d\u0142u\u017cszy do 14 dni<\/p>\n","protected":false},"excerpt":{"rendered":"<p>Cechy produktu :<\/p>\n<p> \tWymiary 26,5 cm x 17,5 cm<br \/>\n \tMateria\u0142 : drewno, \u017cywica<br \/>\n \tKolory : bia\u0142y, transparentny czarny<br \/>\n \tDost\u0119pna 1 sztuka<br \/>\n \tZamawiaj\u0105c kilka sztuk czas realizacji jest d\u0142u\u017cszy do 14 dni<\/p>\n","protected":false},"featured_media":4613,"comment_status":"open","ping_status":"closed","template":"","meta":[],"etheme_brands":[],"product_cat":[200],"product_tag":[],"class_list":["post-5478","product","type-product","status-publish","has-post-thumbnail","hentry","product_cat-dostepne-od-reki-produkty-z-zywicy-promocja"],"_links":{"self":[{"href":"https:\/\/new.decoczar.pl\/index.php\/wp-json\/wp\/v2\/product\/5478","targetHints":{"allow":["GET"]}}],"collection":[{"href":"https:\/\/new.decoczar.pl\/index.php\/wp-json\/wp\/v2\/product"}],"about":[{"href":"https:\/\/new.decoczar.pl\/index.php\/wp-json\/wp\/v2\/types\/product"}],"replies":[{"embeddable":true,"href":"https:\/\/new.decoczar.pl\/index.php\/wp-json\/wp\/v2\/comments?post=5478"}],"wp:featuredmedia":[{"embeddable":true,"href":"https:\/\/new.decoczar.pl\/index.php\/wp-json\/wp\/v2\/media\/4613"}],"wp:attachment":[{"href":"https:\/\/new.decoczar.pl\/index.php\/wp-json\/wp\/v2\/media?parent=5478"}],"wp:term":[{"taxonomy":"brand","embeddable":true,"href":"https:\/\/new.decoczar.pl\/index.php\/wp-json\/wp\/v2\/etheme_brands?post=5478"},{"taxonomy":"product_cat","embeddable":true,"href":"https:\/\/new.decoczar.pl\/index.php\/wp-json\/wp\/v2\/product_cat?post=5478"},{"taxonomy":"product_tag","embeddable":true,"href":"https:\/\/new.decoczar.pl\/index.php\/wp-json\/wp\/v2\/product_tag?post=5478"}],"curies":[{"name":"wp","href":"https:\/\/api.w.org\/{rel}","templated":true}]}}