{"id":5499,"date":"2023-06-02T05:36:44","date_gmt":"2023-06-02T03:36:44","guid":{"rendered":"https:\/\/new.decoczar.pl\/index.php\/product\/muszelka-z-zywicy-morska-2\/"},"modified":"2023-06-02T05:36:44","modified_gmt":"2023-06-02T03:36:44","slug":"muszelka-z-zywicy-morska-2","status":"publish","type":"product","link":"https:\/\/new.decoczar.pl\/index.php\/product\/muszelka-z-zywicy-morska-2\/","title":{"rendered":"MUSZELKA Z \u017bYWICY MORSKA"},"content":{"rendered":"<p>Cechy produktu:<\/p>\n<p> \tWymiary 12&#215;12 cm<br \/>\n \tDOST\u0118PNA TYLKO MUSZELKA Z KAREM I \u017b\u00d3\u0141W<br \/>\n \tW uwagach do zam\u00f3wienia prosz\u0119 wpisa\u0107 kt\u00f3ry wz\u00f3r ( delfin. krab, \u017c\u00f3\u0142w )<br \/>\n \tZamawiaj\u0105c kilka produkt\u00f3w czas realizacji wyd\u0142u\u017ca si\u0119 do 14 dni roboczych<br \/>\n \tMateria\u0142 : \u017cywica,<\/p>\n","protected":false},"excerpt":{"rendered":"<p>Cechy produktu:<\/p>\n<p> \tWymiary 12&#215;12 cm<br \/>\n \tDOST\u0118PNA TYLKO MUSZELKA Z KAREM I \u017b\u00d3\u0141W<br \/>\n \tW uwagach do zam\u00f3wienia prosz\u0119 wpisa\u0107 kt\u00f3ry wz\u00f3r ( delfin. krab, \u017c\u00f3\u0142w )<br \/>\n \tZamawiaj\u0105c kilka produkt\u00f3w czas realizacji wyd\u0142u\u017ca si\u0119 do 14 dni roboczych<br \/>\n \tMateria\u0142 : \u017cywica,<\/p>\n","protected":false},"featured_media":4665,"comment_status":"open","ping_status":"closed","template":"","meta":[],"etheme_brands":[],"product_cat":[200],"product_tag":[],"class_list":["post-5499","product","type-product","status-publish","has-post-thumbnail","hentry","product_cat-dostepne-od-reki-produkty-z-zywicy-promocja"],"_links":{"self":[{"href":"https:\/\/new.decoczar.pl\/index.php\/wp-json\/wp\/v2\/product\/5499","targetHints":{"allow":["GET"]}}],"collection":[{"href":"https:\/\/new.decoczar.pl\/index.php\/wp-json\/wp\/v2\/product"}],"about":[{"href":"https:\/\/new.decoczar.pl\/index.php\/wp-json\/wp\/v2\/types\/product"}],"replies":[{"embeddable":true,"href":"https:\/\/new.decoczar.pl\/index.php\/wp-json\/wp\/v2\/comments?post=5499"}],"wp:featuredmedia":[{"embeddable":true,"href":"https:\/\/new.decoczar.pl\/index.php\/wp-json\/wp\/v2\/media\/4665"}],"wp:attachment":[{"href":"https:\/\/new.decoczar.pl\/index.php\/wp-json\/wp\/v2\/media?parent=5499"}],"wp:term":[{"taxonomy":"brand","embeddable":true,"href":"https:\/\/new.decoczar.pl\/index.php\/wp-json\/wp\/v2\/etheme_brands?post=5499"},{"taxonomy":"product_cat","embeddable":true,"href":"https:\/\/new.decoczar.pl\/index.php\/wp-json\/wp\/v2\/product_cat?post=5499"},{"taxonomy":"product_tag","embeddable":true,"href":"https:\/\/new.decoczar.pl\/index.php\/wp-json\/wp\/v2\/product_tag?post=5499"}],"curies":[{"name":"wp","href":"https:\/\/api.w.org\/{rel}","templated":true}]}}