{"id":5501,"date":"2023-06-02T05:36:50","date_gmt":"2023-06-02T03:36:50","guid":{"rendered":"https:\/\/new.decoczar.pl\/index.php\/product\/lustro-okragle-zlote-morskie-rybki-2\/"},"modified":"2023-06-02T05:36:50","modified_gmt":"2023-06-02T03:36:50","slug":"lustro-okragle-zlote-morskie-rybki-2","status":"publish","type":"product","link":"https:\/\/new.decoczar.pl\/index.php\/product\/lustro-okragle-zlote-morskie-rybki-2\/","title":{"rendered":"Lustro okr\u0105g\u0142e z\u0142ote morskie RYBKI"},"content":{"rendered":"<p>Lustro<\/p>\n<p> \tMateria\u0142: Szk\u0142o, \u017cywica<br \/>\n \tRozmiar: \u015brednica 30 cm<br \/>\n \tKolor ramy:\u00a0z\u0142oty<br \/>\n \tLustro zdobione jest sztuk\u0105 \u017cywicy<br \/>\n \tDekoracja dost\u0119pna od r\u0119ki ( kolor niebieski \/ kolor lazurowy )<br \/>\n \tW uwagach do zam\u00f3wienia wpisz kolor jaki wybierasz<br \/>\n \tZAMAWI\u0104JAC KILKA PRODUKT\u00d3W CZAS REALZIACJI JEST D\u0141U\u017bSZY DO 14 DNI ROBOCZYCH\u00a0<\/p>\n","protected":false},"excerpt":{"rendered":"<p>Lustro<\/p>\n<p> \tMateria\u0142: Szk\u0142o, \u017cywica<br \/>\n \tRozmiar: \u015brednica 30 cm<br \/>\n \tKolor ramy:\u00a0z\u0142oty<br \/>\n \tLustro zdobione jest sztuk\u0105 \u017cywicy<br \/>\n \tDekoracja dost\u0119pna od r\u0119ki ( kolor niebieski \/ kolor lazurowy )<br \/>\n \tW uwagach do zam\u00f3wienia wpisz kolor jaki wybierasz<br \/>\n \tZAMAWI\u0104JAC KILKA PRODUKT\u00d3W CZAS REALZIACJI JEST D\u0141U\u017bSZY DO 14 DNI ROBOCZYCH\u00a0<\/p>\n","protected":false},"featured_media":5500,"comment_status":"open","ping_status":"closed","template":"","meta":[],"etheme_brands":[],"product_cat":[200],"product_tag":[],"class_list":["post-5501","product","type-product","status-publish","has-post-thumbnail","hentry","product_cat-dostepne-od-reki-produkty-z-zywicy-promocja"],"_links":{"self":[{"href":"https:\/\/new.decoczar.pl\/index.php\/wp-json\/wp\/v2\/product\/5501","targetHints":{"allow":["GET"]}}],"collection":[{"href":"https:\/\/new.decoczar.pl\/index.php\/wp-json\/wp\/v2\/product"}],"about":[{"href":"https:\/\/new.decoczar.pl\/index.php\/wp-json\/wp\/v2\/types\/product"}],"replies":[{"embeddable":true,"href":"https:\/\/new.decoczar.pl\/index.php\/wp-json\/wp\/v2\/comments?post=5501"}],"wp:featuredmedia":[{"embeddable":true,"href":"https:\/\/new.decoczar.pl\/index.php\/wp-json\/wp\/v2\/media\/5500"}],"wp:attachment":[{"href":"https:\/\/new.decoczar.pl\/index.php\/wp-json\/wp\/v2\/media?parent=5501"}],"wp:term":[{"taxonomy":"brand","embeddable":true,"href":"https:\/\/new.decoczar.pl\/index.php\/wp-json\/wp\/v2\/etheme_brands?post=5501"},{"taxonomy":"product_cat","embeddable":true,"href":"https:\/\/new.decoczar.pl\/index.php\/wp-json\/wp\/v2\/product_cat?post=5501"},{"taxonomy":"product_tag","embeddable":true,"href":"https:\/\/new.decoczar.pl\/index.php\/wp-json\/wp\/v2\/product_tag?post=5501"}],"curies":[{"name":"wp","href":"https:\/\/api.w.org\/{rel}","templated":true}]}}