{"id":5604,"date":"2023-06-04T10:27:35","date_gmt":"2023-06-04T08:27:35","guid":{"rendered":"https:\/\/new.decoczar.pl\/index.php\/product\/kolekcja-gold-glamour-zestaw-10-elementow-3\/"},"modified":"2023-06-04T10:27:35","modified_gmt":"2023-06-04T08:27:35","slug":"kolekcja-gold-glamour-zestaw-10-elementow-3","status":"publish","type":"product","link":"https:\/\/new.decoczar.pl\/index.php\/product\/kolekcja-gold-glamour-zestaw-10-elementow-3\/","title":{"rendered":"Kolekcja &#8222;GOLD GLAMOUR&#8221; zestaw 10 element\u00f3w"},"content":{"rendered":"<p>Cechy produktu<\/p>\n<p> \tPatera : Wymiary : 25 cm \/ 20 cm \/ 15 cm<br \/>\n \tTaca uchwyt li\u015b\u0107 35 cm \u015brednica<br \/>\n \tTaca uchwyt z\u0142oty 35 cm \u015brednica<br \/>\n \tKwiat z kryszta\u0142owym uchwytem 35&#215;35 cm<br \/>\n \tPatera na kryszta\u0142owej n\u00f3\u017cce<br \/>\n \tPatera na z\u0142otej n\u00f3\u017cce<br \/>\n \tPodk\u0142adki 4 szt<br \/>\n \tWA\u017bNE !!! PATERA WYKO\u0143CZONA JEST \u017bYWIC\u0104 Z ATESTEM DO \u017bYWNO\u015aCI ORAZ ODORNA NA CIEP\u0141O &#8211; do 70\u00b0C\u00a0<br \/>\n \tCzas realizacji 21 dni roboczych po zaksi\u0119gowaniu wp\u0142aty<br \/>\n \tNIE WYSY\u0141AM ZA POBRANIEM !<br \/>\n \tZestaw mo\u017cemy wykona\u0107 w innej kolorystyce<\/p>\n","protected":false},"excerpt":{"rendered":"<p>Cechy produktu<\/p>\n<p> \tPatera : Wymiary : 25 cm \/ 20 cm \/ 15 cm<br \/>\n \tTaca uchwyt li\u015b\u0107 35 cm \u015brednica<br \/>\n \tTaca uchwyt z\u0142oty 35 cm \u015brednica<br \/>\n \tKwiat z kryszta\u0142owym uchwytem 35&#215;35 cm<br \/>\n \tPatera na kryszta\u0142owej n\u00f3\u017cce<br \/>\n \tPatera na z\u0142otej n\u00f3\u017cce<br \/>\n \tPodk\u0142adki 4 szt<br \/>\n \tWA\u017bNE !!! PATERA WYKO\u0143CZONA JEST \u017bYWIC\u0104 Z ATESTEM DO \u017bYWNO\u015aCI ORAZ ODORNA NA CIEP\u0141O &#8211; do 70\u00b0C\u00a0<br \/>\n \tCzas realizacji 21 dni roboczych po zaksi\u0119gowaniu wp\u0142aty<br \/>\n \tNIE WYSY\u0141AM ZA POBRANIEM !<br \/>\n \tZestaw mo\u017cemy wykona\u0107 w innej kolorystyce<\/p>\n","protected":false},"featured_media":2406,"comment_status":"open","ping_status":"closed","template":"","meta":[],"etheme_brands":[],"product_cat":[48],"product_tag":[],"class_list":["post-5604","product","type-product","status-publish","has-post-thumbnail","hentry","product_cat-produkty-z-zywicy"],"_links":{"self":[{"href":"https:\/\/new.decoczar.pl\/index.php\/wp-json\/wp\/v2\/product\/5604","targetHints":{"allow":["GET"]}}],"collection":[{"href":"https:\/\/new.decoczar.pl\/index.php\/wp-json\/wp\/v2\/product"}],"about":[{"href":"https:\/\/new.decoczar.pl\/index.php\/wp-json\/wp\/v2\/types\/product"}],"replies":[{"embeddable":true,"href":"https:\/\/new.decoczar.pl\/index.php\/wp-json\/wp\/v2\/comments?post=5604"}],"wp:featuredmedia":[{"embeddable":true,"href":"https:\/\/new.decoczar.pl\/index.php\/wp-json\/wp\/v2\/media\/2406"}],"wp:attachment":[{"href":"https:\/\/new.decoczar.pl\/index.php\/wp-json\/wp\/v2\/media?parent=5604"}],"wp:term":[{"taxonomy":"brand","embeddable":true,"href":"https:\/\/new.decoczar.pl\/index.php\/wp-json\/wp\/v2\/etheme_brands?post=5604"},{"taxonomy":"product_cat","embeddable":true,"href":"https:\/\/new.decoczar.pl\/index.php\/wp-json\/wp\/v2\/product_cat?post=5604"},{"taxonomy":"product_tag","embeddable":true,"href":"https:\/\/new.decoczar.pl\/index.php\/wp-json\/wp\/v2\/product_tag?post=5604"}],"curies":[{"name":"wp","href":"https:\/\/api.w.org\/{rel}","templated":true}]}}