{"id":5690,"date":"2023-06-04T20:53:35","date_gmt":"2023-06-04T18:53:35","guid":{"rendered":"http:\/\/new.decoczar.pl\/index.php\/product\/zestaw-kieliszki-podkladki-czarno-zlote-3\/"},"modified":"2023-06-04T20:53:35","modified_gmt":"2023-06-04T18:53:35","slug":"zestaw-kieliszki-podkladki-czarno-zlote-3","status":"publish","type":"product","link":"https:\/\/new.decoczar.pl\/index.php\/product\/zestaw-kieliszki-podkladki-czarno-zlote-3\/","title":{"rendered":"Zestaw kieliszki + podk\u0142adki czarno &#8211; z\u0142ote"},"content":{"rendered":"<p>zestaw prezentowy<\/p>\n<p> \t2 szt podk\u0142adek<br \/>\n \t2 szt kieliszk\u00f3w szklanych<br \/>\n \tCzas realizacji do 10 dni roboczych po zaksi\u0119gowaniu wp\u0142aty<br \/>\n \tMateria\u0142 : \u017cywica epoksydowa<br \/>\n \tZAMAWI\u0104JAC KILKA PRODUKT\u00d3W CZAS REALZIACJI JEST D\u0141U\u017bSZY DO 14 DNI ROBOCZYCH\u00a0<\/p>\n","protected":false},"excerpt":{"rendered":"<p>zestaw prezentowy<\/p>\n<p> \t2 szt podk\u0142adek<br \/>\n \t2 szt kieliszk\u00f3w szklanych<br \/>\n \tCzas realizacji do 10 dni roboczych po zaksi\u0119gowaniu wp\u0142aty<br \/>\n \tMateria\u0142 : \u017cywica epoksydowa<br \/>\n \tZAMAWI\u0104JAC KILKA PRODUKT\u00d3W CZAS REALZIACJI JEST D\u0141U\u017bSZY DO 14 DNI ROBOCZYCH\u00a0<\/p>\n","protected":false},"featured_media":2711,"comment_status":"open","ping_status":"closed","template":"","meta":[],"etheme_brands":[],"product_cat":[48],"product_tag":[],"class_list":["post-5690","product","type-product","status-publish","has-post-thumbnail","hentry","product_cat-produkty-z-zywicy"],"_links":{"self":[{"href":"https:\/\/new.decoczar.pl\/index.php\/wp-json\/wp\/v2\/product\/5690","targetHints":{"allow":["GET"]}}],"collection":[{"href":"https:\/\/new.decoczar.pl\/index.php\/wp-json\/wp\/v2\/product"}],"about":[{"href":"https:\/\/new.decoczar.pl\/index.php\/wp-json\/wp\/v2\/types\/product"}],"replies":[{"embeddable":true,"href":"https:\/\/new.decoczar.pl\/index.php\/wp-json\/wp\/v2\/comments?post=5690"}],"wp:featuredmedia":[{"embeddable":true,"href":"https:\/\/new.decoczar.pl\/index.php\/wp-json\/wp\/v2\/media\/2711"}],"wp:attachment":[{"href":"https:\/\/new.decoczar.pl\/index.php\/wp-json\/wp\/v2\/media?parent=5690"}],"wp:term":[{"taxonomy":"brand","embeddable":true,"href":"https:\/\/new.decoczar.pl\/index.php\/wp-json\/wp\/v2\/etheme_brands?post=5690"},{"taxonomy":"product_cat","embeddable":true,"href":"https:\/\/new.decoczar.pl\/index.php\/wp-json\/wp\/v2\/product_cat?post=5690"},{"taxonomy":"product_tag","embeddable":true,"href":"https:\/\/new.decoczar.pl\/index.php\/wp-json\/wp\/v2\/product_tag?post=5690"}],"curies":[{"name":"wp","href":"https:\/\/api.w.org\/{rel}","templated":true}]}}