{"id":5705,"date":"2023-06-04T20:53:37","date_gmt":"2023-06-04T18:53:37","guid":{"rendered":"http:\/\/new.decoczar.pl\/index.php\/product\/topper-pierwsza-komunia-swieta-z-golebiem-kolor-3\/"},"modified":"2023-06-04T20:53:37","modified_gmt":"2023-06-04T18:53:37","slug":"topper-pierwsza-komunia-swieta-z-golebiem-kolor-3","status":"publish","type":"product","link":"https:\/\/new.decoczar.pl\/index.php\/product\/topper-pierwsza-komunia-swieta-z-golebiem-kolor-3\/","title":{"rendered":"Topper Pierwsza Komunia \u015awi\u0119ta z go\u0142\u0119biem KOLOR"},"content":{"rendered":"<p>Napisy ze sklejki<\/p>\n<p> \tWymiary 15 cm<br \/>\n \tWysoko\u015b\u0107 11 cm<br \/>\n \tWykonany ze sklejki brzozowej 3 cm<br \/>\n \tDrewniany szpikulec<br \/>\n \tGrafika go\u0142\u0119bia<br \/>\n \tW uwagach dla klienta prosz\u0119 wpisa\u0107 imi\u0119 dziecka i kolor ( bia\u0142y, z\u0142oty niebieski )<br \/>\n \tCzas realizacji do 5 dni po zaksi\u0119gowaniu wp\u0142aty<br \/>\n \tZale\u017cy Ci na czasie skontaktuj si\u0119 z nami<\/p>\n<p>WYSY\u0141KA TYLKO KURIER LUB POBRANIE !!!<\/p>\n","protected":false},"excerpt":{"rendered":"<p>Napisy ze sklejki<\/p>\n<p> \tWymiary 15 cm<br \/>\n \tWysoko\u015b\u0107 11 cm<br \/>\n \tWykonany ze sklejki brzozowej 3 cm<br \/>\n \tDrewniany szpikulec<br \/>\n \tGrafika go\u0142\u0119bia<br \/>\n \tW uwagach dla klienta prosz\u0119 wpisa\u0107 imi\u0119 dziecka i kolor ( bia\u0142y, z\u0142oty niebieski )<br \/>\n \tCzas realizacji do 5 dni po zaksi\u0119gowaniu wp\u0142aty<br \/>\n \tZale\u017cy Ci na czasie skontaktuj si\u0119 z nami<\/p>\n<p>WYSY\u0141KA TYLKO KURIER LUB POBRANIE !!!<\/p>\n","protected":false},"featured_media":2747,"comment_status":"open","ping_status":"closed","template":"","meta":[],"etheme_brands":[],"product_cat":[62],"product_tag":[],"class_list":["post-5705","product","type-product","status-publish","has-post-thumbnail","hentry","product_cat-komunia-swieta-topper"],"_links":{"self":[{"href":"https:\/\/new.decoczar.pl\/index.php\/wp-json\/wp\/v2\/product\/5705","targetHints":{"allow":["GET"]}}],"collection":[{"href":"https:\/\/new.decoczar.pl\/index.php\/wp-json\/wp\/v2\/product"}],"about":[{"href":"https:\/\/new.decoczar.pl\/index.php\/wp-json\/wp\/v2\/types\/product"}],"replies":[{"embeddable":true,"href":"https:\/\/new.decoczar.pl\/index.php\/wp-json\/wp\/v2\/comments?post=5705"}],"wp:featuredmedia":[{"embeddable":true,"href":"https:\/\/new.decoczar.pl\/index.php\/wp-json\/wp\/v2\/media\/2747"}],"wp:attachment":[{"href":"https:\/\/new.decoczar.pl\/index.php\/wp-json\/wp\/v2\/media?parent=5705"}],"wp:term":[{"taxonomy":"brand","embeddable":true,"href":"https:\/\/new.decoczar.pl\/index.php\/wp-json\/wp\/v2\/etheme_brands?post=5705"},{"taxonomy":"product_cat","embeddable":true,"href":"https:\/\/new.decoczar.pl\/index.php\/wp-json\/wp\/v2\/product_cat?post=5705"},{"taxonomy":"product_tag","embeddable":true,"href":"https:\/\/new.decoczar.pl\/index.php\/wp-json\/wp\/v2\/product_tag?post=5705"}],"curies":[{"name":"wp","href":"https:\/\/api.w.org\/{rel}","templated":true}]}}