{"id":5711,"date":"2023-06-04T20:53:38","date_gmt":"2023-06-04T18:53:38","guid":{"rendered":"http:\/\/new.decoczar.pl\/index.php\/product\/podkladki-z-zywicy-szmaragdowo-zlote-2-szt-5\/"},"modified":"2023-06-04T20:53:38","modified_gmt":"2023-06-04T18:53:38","slug":"podkladki-z-zywicy-szmaragdowo-zlote-2-szt-5","status":"publish","type":"product","link":"https:\/\/new.decoczar.pl\/index.php\/product\/podkladki-z-zywicy-szmaragdowo-zlote-2-szt-5\/","title":{"rendered":"Podk\u0142adki z \u017cywicy Szmaragdowo-z\u0142ote 2 szt"},"content":{"rendered":"<p>Podk\u0142adki<\/p>\n<p> \tWymiary : \u015brednica ok 12 cm<br \/>\n \tKolor szmaragdowy, z\u0142oty, przezroczysty<br \/>\n \tOzdobne prezentowe opakowanie<br \/>\n \tCzas realizacji 10 dni roboczych po zaksi\u0119gowaniu wp\u0142aty<br \/>\n \tWysy\u0142ka kurier \/ kurier pobranie<br \/>\n \tMo\u017cliwo\u015b\u0107 dokupienia tacy do kompletu<br \/>\n \tW lato oraz w zim\u0119 Czas realizacji mo\u017ce si\u0119 wyd\u0142u\u017cy\u0107<\/p>\n","protected":false},"excerpt":{"rendered":"<p>Podk\u0142adki<\/p>\n<p> \tWymiary : \u015brednica ok 12 cm<br \/>\n \tKolor szmaragdowy, z\u0142oty, przezroczysty<br \/>\n \tOzdobne prezentowe opakowanie<br \/>\n \tCzas realizacji 10 dni roboczych po zaksi\u0119gowaniu wp\u0142aty<br \/>\n \tWysy\u0142ka kurier \/ kurier pobranie<br \/>\n \tMo\u017cliwo\u015b\u0107 dokupienia tacy do kompletu<br \/>\n \tW lato oraz w zim\u0119 Czas realizacji mo\u017ce si\u0119 wyd\u0142u\u017cy\u0107<\/p>\n","protected":false},"featured_media":2772,"comment_status":"open","ping_status":"closed","template":"","meta":[],"etheme_brands":[],"product_cat":[191],"product_tag":[],"class_list":["post-5711","product","type-product","status-publish","has-post-thumbnail","hentry","product_cat-dostepne-od-reki-produkty-z-zywicy"],"_links":{"self":[{"href":"https:\/\/new.decoczar.pl\/index.php\/wp-json\/wp\/v2\/product\/5711","targetHints":{"allow":["GET"]}}],"collection":[{"href":"https:\/\/new.decoczar.pl\/index.php\/wp-json\/wp\/v2\/product"}],"about":[{"href":"https:\/\/new.decoczar.pl\/index.php\/wp-json\/wp\/v2\/types\/product"}],"replies":[{"embeddable":true,"href":"https:\/\/new.decoczar.pl\/index.php\/wp-json\/wp\/v2\/comments?post=5711"}],"wp:featuredmedia":[{"embeddable":true,"href":"https:\/\/new.decoczar.pl\/index.php\/wp-json\/wp\/v2\/media\/2772"}],"wp:attachment":[{"href":"https:\/\/new.decoczar.pl\/index.php\/wp-json\/wp\/v2\/media?parent=5711"}],"wp:term":[{"taxonomy":"brand","embeddable":true,"href":"https:\/\/new.decoczar.pl\/index.php\/wp-json\/wp\/v2\/etheme_brands?post=5711"},{"taxonomy":"product_cat","embeddable":true,"href":"https:\/\/new.decoczar.pl\/index.php\/wp-json\/wp\/v2\/product_cat?post=5711"},{"taxonomy":"product_tag","embeddable":true,"href":"https:\/\/new.decoczar.pl\/index.php\/wp-json\/wp\/v2\/product_tag?post=5711"}],"curies":[{"name":"wp","href":"https:\/\/api.w.org\/{rel}","templated":true}]}}