{"id":5809,"date":"2023-06-05T22:17:11","date_gmt":"2023-06-05T20:17:11","guid":{"rendered":"https:\/\/new.decoczar.pl\/index.php\/product\/dekoracja-liczby-3\/"},"modified":"2023-06-05T22:17:11","modified_gmt":"2023-06-05T20:17:11","slug":"dekoracja-liczby-3","status":"publish","type":"product","link":"https:\/\/new.decoczar.pl\/index.php\/product\/dekoracja-liczby-3\/","title":{"rendered":"DEKORACJA LICZBY"},"content":{"rendered":"<p>Ozdoba<\/p>\n<p> \tWysoko\u015b\u0107 10 cm ca\u0142o\u015b\u0107<br \/>\n \tWysoko\u015b\u0107 ok 4-5 cm<br \/>\n \tDrewniany szpikulec<br \/>\n \tTworzywo DREWNO<br \/>\n \tW uwagach do zam\u00f3wienia prosz\u0119 wpisa\u0107 jaki kolor Pa\u0144stwo wybieraj\u0105 BROKAT CZY R\u00d3\u017b ORAZ LICZB\u0118<\/p>\n<p>\u00a0<\/p>\n","protected":false},"excerpt":{"rendered":"<p>Ozdoba<\/p>\n<p> \tWysoko\u015b\u0107 10 cm ca\u0142o\u015b\u0107<br \/>\n \tWysoko\u015b\u0107 ok 4-5 cm<br \/>\n \tDrewniany szpikulec<br \/>\n \tTworzywo DREWNO<br \/>\n \tW uwagach do zam\u00f3wienia prosz\u0119 wpisa\u0107 jaki kolor Pa\u0144stwo wybieraj\u0105 BROKAT CZY R\u00d3\u017b ORAZ LICZB\u0118<\/p>\n<p>\u00a0<\/p>\n","protected":false},"featured_media":3115,"comment_status":"open","ping_status":"closed","template":"","meta":[],"etheme_brands":[],"product_cat":[64],"product_tag":[],"class_list":["post-5809","product","type-product","status-publish","has-post-thumbnail","hentry","product_cat-topper"],"_links":{"self":[{"href":"https:\/\/new.decoczar.pl\/index.php\/wp-json\/wp\/v2\/product\/5809","targetHints":{"allow":["GET"]}}],"collection":[{"href":"https:\/\/new.decoczar.pl\/index.php\/wp-json\/wp\/v2\/product"}],"about":[{"href":"https:\/\/new.decoczar.pl\/index.php\/wp-json\/wp\/v2\/types\/product"}],"replies":[{"embeddable":true,"href":"https:\/\/new.decoczar.pl\/index.php\/wp-json\/wp\/v2\/comments?post=5809"}],"wp:featuredmedia":[{"embeddable":true,"href":"https:\/\/new.decoczar.pl\/index.php\/wp-json\/wp\/v2\/media\/3115"}],"wp:attachment":[{"href":"https:\/\/new.decoczar.pl\/index.php\/wp-json\/wp\/v2\/media?parent=5809"}],"wp:term":[{"taxonomy":"brand","embeddable":true,"href":"https:\/\/new.decoczar.pl\/index.php\/wp-json\/wp\/v2\/etheme_brands?post=5809"},{"taxonomy":"product_cat","embeddable":true,"href":"https:\/\/new.decoczar.pl\/index.php\/wp-json\/wp\/v2\/product_cat?post=5809"},{"taxonomy":"product_tag","embeddable":true,"href":"https:\/\/new.decoczar.pl\/index.php\/wp-json\/wp\/v2\/product_tag?post=5809"}],"curies":[{"name":"wp","href":"https:\/\/api.w.org\/{rel}","templated":true}]}}