{"id":5818,"date":"2023-06-05T22:17:13","date_gmt":"2023-06-05T20:17:13","guid":{"rendered":"https:\/\/new.decoczar.pl\/index.php\/product\/stojak-metalowy-80-cm-3\/"},"modified":"2023-06-05T22:17:13","modified_gmt":"2023-06-05T20:17:13","slug":"stojak-metalowy-80-cm-3","status":"publish","type":"product","link":"https:\/\/new.decoczar.pl\/index.php\/product\/stojak-metalowy-80-cm-3\/","title":{"rendered":"STOJAK METALOWY 80 CM"},"content":{"rendered":"<p>Stojak Metalowy<\/p>\n<p> \tWymiary 80x20x20 cm<br \/>\n \tKolor dost\u0119pny z\u0142oty, czarny, bia\u0142y<br \/>\n \tCzas realizacji 10-14 dni roboczych po zaksi\u0119gowaniu wp\u0142aty<br \/>\n \tIstnieje mo\u017cliwo\u015b\u0107 zam\u00f3wienia indywidualnego pod wymiar.<br \/>\n \tMasz pytania &#8211; napisz do nas sklep@decoczar.pl<br \/>\n \tW uwagach do zam\u00f3wienia prosz\u0119 o podanie koloru (z\u0142oty czarny bia\u0142y )<br \/>\n \tStojak bez g\u00f3rnej podstawki<br \/>\n \tNIE WYSY\u0141AM ZA POBRANIEM &#8211; TYLKO WP\u0141ATA NA KONTO\u00a0<br \/>\n \tWYSY\u0141KA TYLKO KURIER METAL !!!\u00a0 (23 Z\u0141)<\/p>\n<p>\u00a0<\/p>\n","protected":false},"excerpt":{"rendered":"<p>Stojak Metalowy<\/p>\n<p> \tWymiary 80x20x20 cm<br \/>\n \tKolor dost\u0119pny z\u0142oty, czarny, bia\u0142y<br \/>\n \tCzas realizacji 10-14 dni roboczych po zaksi\u0119gowaniu wp\u0142aty<br \/>\n \tIstnieje mo\u017cliwo\u015b\u0107 zam\u00f3wienia indywidualnego pod wymiar.<br \/>\n \tMasz pytania &#8211; napisz do nas sklep@decoczar.pl<br \/>\n \tW uwagach do zam\u00f3wienia prosz\u0119 o podanie koloru (z\u0142oty czarny bia\u0142y )<br \/>\n \tStojak bez g\u00f3rnej podstawki<br \/>\n \tNIE WYSY\u0141AM ZA POBRANIEM &#8211; TYLKO WP\u0141ATA NA KONTO\u00a0<br \/>\n \tWYSY\u0141KA TYLKO KURIER METAL !!!\u00a0 (23 Z\u0141)<\/p>\n<p>\u00a0<\/p>\n","protected":false},"featured_media":3148,"comment_status":"open","ping_status":"closed","template":"","meta":[],"etheme_brands":[],"product_cat":[50],"product_tag":[],"class_list":["post-5818","product","type-product","status-publish","has-post-thumbnail","hentry","product_cat-podstawy-metalowe-stelaze-stojaki"],"_links":{"self":[{"href":"https:\/\/new.decoczar.pl\/index.php\/wp-json\/wp\/v2\/product\/5818","targetHints":{"allow":["GET"]}}],"collection":[{"href":"https:\/\/new.decoczar.pl\/index.php\/wp-json\/wp\/v2\/product"}],"about":[{"href":"https:\/\/new.decoczar.pl\/index.php\/wp-json\/wp\/v2\/types\/product"}],"replies":[{"embeddable":true,"href":"https:\/\/new.decoczar.pl\/index.php\/wp-json\/wp\/v2\/comments?post=5818"}],"wp:featuredmedia":[{"embeddable":true,"href":"https:\/\/new.decoczar.pl\/index.php\/wp-json\/wp\/v2\/media\/3148"}],"wp:attachment":[{"href":"https:\/\/new.decoczar.pl\/index.php\/wp-json\/wp\/v2\/media?parent=5818"}],"wp:term":[{"taxonomy":"brand","embeddable":true,"href":"https:\/\/new.decoczar.pl\/index.php\/wp-json\/wp\/v2\/etheme_brands?post=5818"},{"taxonomy":"product_cat","embeddable":true,"href":"https:\/\/new.decoczar.pl\/index.php\/wp-json\/wp\/v2\/product_cat?post=5818"},{"taxonomy":"product_tag","embeddable":true,"href":"https:\/\/new.decoczar.pl\/index.php\/wp-json\/wp\/v2\/product_tag?post=5818"}],"curies":[{"name":"wp","href":"https:\/\/api.w.org\/{rel}","templated":true}]}}