{"id":5834,"date":"2023-06-05T22:17:15","date_gmt":"2023-06-05T20:17:15","guid":{"rendered":"https:\/\/new.decoczar.pl\/index.php\/product\/kartka-z-kalendarza-slubna-grafika-3\/"},"modified":"2023-06-05T22:17:15","modified_gmt":"2023-06-05T20:17:15","slug":"kartka-z-kalendarza-slubna-grafika-3","status":"publish","type":"product","link":"https:\/\/new.decoczar.pl\/index.php\/product\/kartka-z-kalendarza-slubna-grafika-3\/","title":{"rendered":"Kartka z kalendarza \u015aLUBNA +GRAFIKA"},"content":{"rendered":"<p>Ramka ozdobna Kartka z kalendarza<\/p>\n<p> \tFormat A3 30\u00d740 cm\u00a0<br \/>\n \tWysokiej jako\u015bci wydruk na papierze kredowym<br \/>\n \tBia\u0142a ramka z ochronn\u0105 plexi<br \/>\n \tW uwagach do zam\u00f3wienia prosz\u0119 wpisa\u0107 daty oraz imiona<br \/>\n \tCzas realizacji 5 dni roboczych po zaksi\u0119gowaniu wp\u0142aty<br \/>\n \tWYSY\u0141KA TYLKO KURIER !!!<\/p>\n","protected":false},"excerpt":{"rendered":"<p>Ramka ozdobna Kartka z kalendarza<\/p>\n<p> \tFormat A3 30\u00d740 cm\u00a0<br \/>\n \tWysokiej jako\u015bci wydruk na papierze kredowym<br \/>\n \tBia\u0142a ramka z ochronn\u0105 plexi<br \/>\n \tW uwagach do zam\u00f3wienia prosz\u0119 wpisa\u0107 daty oraz imiona<br \/>\n \tCzas realizacji 5 dni roboczych po zaksi\u0119gowaniu wp\u0142aty<br \/>\n \tWYSY\u0141KA TYLKO KURIER !!!<\/p>\n","protected":false},"featured_media":3198,"comment_status":"open","ping_status":"closed","template":"","meta":[],"etheme_brands":[],"product_cat":[78],"product_tag":[],"class_list":["post-5834","product","type-product","status-publish","has-post-thumbnail","hentry","product_cat-slub-dekoracje"],"_links":{"self":[{"href":"https:\/\/new.decoczar.pl\/index.php\/wp-json\/wp\/v2\/product\/5834","targetHints":{"allow":["GET"]}}],"collection":[{"href":"https:\/\/new.decoczar.pl\/index.php\/wp-json\/wp\/v2\/product"}],"about":[{"href":"https:\/\/new.decoczar.pl\/index.php\/wp-json\/wp\/v2\/types\/product"}],"replies":[{"embeddable":true,"href":"https:\/\/new.decoczar.pl\/index.php\/wp-json\/wp\/v2\/comments?post=5834"}],"wp:featuredmedia":[{"embeddable":true,"href":"https:\/\/new.decoczar.pl\/index.php\/wp-json\/wp\/v2\/media\/3198"}],"wp:attachment":[{"href":"https:\/\/new.decoczar.pl\/index.php\/wp-json\/wp\/v2\/media?parent=5834"}],"wp:term":[{"taxonomy":"brand","embeddable":true,"href":"https:\/\/new.decoczar.pl\/index.php\/wp-json\/wp\/v2\/etheme_brands?post=5834"},{"taxonomy":"product_cat","embeddable":true,"href":"https:\/\/new.decoczar.pl\/index.php\/wp-json\/wp\/v2\/product_cat?post=5834"},{"taxonomy":"product_tag","embeddable":true,"href":"https:\/\/new.decoczar.pl\/index.php\/wp-json\/wp\/v2\/product_tag?post=5834"}],"curies":[{"name":"wp","href":"https:\/\/api.w.org\/{rel}","templated":true}]}}