{"id":5847,"date":"2023-06-06T20:40:12","date_gmt":"2023-06-06T18:40:12","guid":{"rendered":"https:\/\/new.decoczar.pl\/index.php\/product\/topper-roczek-imie-myszka-kolor-3\/"},"modified":"2023-06-06T20:40:12","modified_gmt":"2023-06-06T18:40:12","slug":"topper-roczek-imie-myszka-kolor-3","status":"publish","type":"product","link":"https:\/\/new.decoczar.pl\/index.php\/product\/topper-roczek-imie-myszka-kolor-3\/","title":{"rendered":"Topper Roczek + imi\u0119 myszka KOLOR"},"content":{"rendered":"<p>Napisy ze sklejki<\/p>\n<p> \tWymiary szeroko\u015b\u0107 16 cm<br \/>\n \tWysoko\u015b\u0107 7 cm<br \/>\n \tWykonany ze sklejki brzozowej 3 mm nie z cienkiej\u00a0beermaty<br \/>\n \tDrewniany szpikulec do wbicia<br \/>\n \tGrafika myszka<br \/>\n \tKolor czarno czerwony<br \/>\n \tW uwagach dla klienta prosz\u0119 wpisa\u0107 imi\u0119 dziecka<br \/>\n \tCzas realizacji 2-5 dni roboczych po zaksi\u0119gowaniu wp\u0142aty !!!<\/p>\n<p>WYSY\u0141KA TYLKO KURIER !!!<\/p>\n","protected":false},"excerpt":{"rendered":"<p>Napisy ze sklejki<\/p>\n<p> \tWymiary szeroko\u015b\u0107 16 cm<br \/>\n \tWysoko\u015b\u0107 7 cm<br \/>\n \tWykonany ze sklejki brzozowej 3 mm nie z cienkiej\u00a0beermaty<br \/>\n \tDrewniany szpikulec do wbicia<br \/>\n \tGrafika myszka<br \/>\n \tKolor czarno czerwony<br \/>\n \tW uwagach dla klienta prosz\u0119 wpisa\u0107 imi\u0119 dziecka<br \/>\n \tCzas realizacji 2-5 dni roboczych po zaksi\u0119gowaniu wp\u0142aty !!!<\/p>\n<p>WYSY\u0141KA TYLKO KURIER !!!<\/p>\n","protected":false},"featured_media":3236,"comment_status":"open","ping_status":"closed","template":"","meta":[],"etheme_brands":[],"product_cat":[64],"product_tag":[],"class_list":["post-5847","product","type-product","status-publish","has-post-thumbnail","hentry","product_cat-topper"],"_links":{"self":[{"href":"https:\/\/new.decoczar.pl\/index.php\/wp-json\/wp\/v2\/product\/5847","targetHints":{"allow":["GET"]}}],"collection":[{"href":"https:\/\/new.decoczar.pl\/index.php\/wp-json\/wp\/v2\/product"}],"about":[{"href":"https:\/\/new.decoczar.pl\/index.php\/wp-json\/wp\/v2\/types\/product"}],"replies":[{"embeddable":true,"href":"https:\/\/new.decoczar.pl\/index.php\/wp-json\/wp\/v2\/comments?post=5847"}],"wp:featuredmedia":[{"embeddable":true,"href":"https:\/\/new.decoczar.pl\/index.php\/wp-json\/wp\/v2\/media\/3236"}],"wp:attachment":[{"href":"https:\/\/new.decoczar.pl\/index.php\/wp-json\/wp\/v2\/media?parent=5847"}],"wp:term":[{"taxonomy":"brand","embeddable":true,"href":"https:\/\/new.decoczar.pl\/index.php\/wp-json\/wp\/v2\/etheme_brands?post=5847"},{"taxonomy":"product_cat","embeddable":true,"href":"https:\/\/new.decoczar.pl\/index.php\/wp-json\/wp\/v2\/product_cat?post=5847"},{"taxonomy":"product_tag","embeddable":true,"href":"https:\/\/new.decoczar.pl\/index.php\/wp-json\/wp\/v2\/product_tag?post=5847"}],"curies":[{"name":"wp","href":"https:\/\/api.w.org\/{rel}","templated":true}]}}