{"id":5850,"date":"2023-06-06T20:40:13","date_gmt":"2023-06-06T18:40:13","guid":{"rendered":"https:\/\/new.decoczar.pl\/index.php\/product\/topper-urodzinowy-z-cyferka-i-balony-kolor-3\/"},"modified":"2023-06-06T20:40:13","modified_gmt":"2023-06-06T18:40:13","slug":"topper-urodzinowy-z-cyferka-i-balony-kolor-3","status":"publish","type":"product","link":"https:\/\/new.decoczar.pl\/index.php\/product\/topper-urodzinowy-z-cyferka-i-balony-kolor-3\/","title":{"rendered":"Topper Urodzinowy z cyferk\u0105 i balony KOLOR"},"content":{"rendered":"<p>Napisy ze sklejki<\/p>\n<p> \tWymiary szeroko\u015b\u0107 15 cm<br \/>\n \tWysoko\u015b\u0107 8 cm<br \/>\n \tWykonany ze sklejki brzozowej 3 mm nie z cienkiej\u00a0beermaty<br \/>\n \tDrewniany szpikulec po\u0142\u0105czony z napisem<br \/>\n \tW uwagach klienta prosz\u0119 wpisa\u0107 modyfikacj\u0119 np. imi\u0119, cyferka<br \/>\n \tKolor r\u00f3\u017c<br \/>\n \tCzas realizacji do 5 dni roboczych &#8211; po zaksi\u0119gowaniu wp\u0142aty<\/p>\n<p>WYSY\u0141KA TYLKO KURIER !!!<\/p>\n","protected":false},"excerpt":{"rendered":"<p>Napisy ze sklejki<\/p>\n<p> \tWymiary szeroko\u015b\u0107 15 cm<br \/>\n \tWysoko\u015b\u0107 8 cm<br \/>\n \tWykonany ze sklejki brzozowej 3 mm nie z cienkiej\u00a0beermaty<br \/>\n \tDrewniany szpikulec po\u0142\u0105czony z napisem<br \/>\n \tW uwagach klienta prosz\u0119 wpisa\u0107 modyfikacj\u0119 np. imi\u0119, cyferka<br \/>\n \tKolor r\u00f3\u017c<br \/>\n \tCzas realizacji do 5 dni roboczych &#8211; po zaksi\u0119gowaniu wp\u0142aty<\/p>\n<p>WYSY\u0141KA TYLKO KURIER !!!<\/p>\n","protected":false},"featured_media":3246,"comment_status":"open","ping_status":"closed","template":"","meta":[],"etheme_brands":[],"product_cat":[64],"product_tag":[],"class_list":["post-5850","product","type-product","status-publish","has-post-thumbnail","hentry","product_cat-topper"],"_links":{"self":[{"href":"https:\/\/new.decoczar.pl\/index.php\/wp-json\/wp\/v2\/product\/5850","targetHints":{"allow":["GET"]}}],"collection":[{"href":"https:\/\/new.decoczar.pl\/index.php\/wp-json\/wp\/v2\/product"}],"about":[{"href":"https:\/\/new.decoczar.pl\/index.php\/wp-json\/wp\/v2\/types\/product"}],"replies":[{"embeddable":true,"href":"https:\/\/new.decoczar.pl\/index.php\/wp-json\/wp\/v2\/comments?post=5850"}],"wp:featuredmedia":[{"embeddable":true,"href":"https:\/\/new.decoczar.pl\/index.php\/wp-json\/wp\/v2\/media\/3246"}],"wp:attachment":[{"href":"https:\/\/new.decoczar.pl\/index.php\/wp-json\/wp\/v2\/media?parent=5850"}],"wp:term":[{"taxonomy":"brand","embeddable":true,"href":"https:\/\/new.decoczar.pl\/index.php\/wp-json\/wp\/v2\/etheme_brands?post=5850"},{"taxonomy":"product_cat","embeddable":true,"href":"https:\/\/new.decoczar.pl\/index.php\/wp-json\/wp\/v2\/product_cat?post=5850"},{"taxonomy":"product_tag","embeddable":true,"href":"https:\/\/new.decoczar.pl\/index.php\/wp-json\/wp\/v2\/product_tag?post=5850"}],"curies":[{"name":"wp","href":"https:\/\/api.w.org\/{rel}","templated":true}]}}