{"id":5879,"date":"2023-06-07T00:25:05","date_gmt":"2023-06-06T22:25:05","guid":{"rendered":"http:\/\/new.decoczar.pl\/index.php\/product\/podziekowanie-dla-matki-chrzestnej-5\/"},"modified":"2023-06-07T00:25:05","modified_gmt":"2023-06-06T22:25:05","slug":"podziekowanie-dla-matki-chrzestnej-5","status":"publish","type":"product","link":"https:\/\/new.decoczar.pl\/index.php\/product\/podziekowanie-dla-matki-chrzestnej-5\/","title":{"rendered":"Podzi\u0119kowanie dla Matki Chrzestnej"},"content":{"rendered":"<p>Ramka dla dziecka<\/p>\n<p>WYSY\u0141KA TYLKO KURIER !!!<\/p>\n<p> \tFormat A4 20\u00d730 cm<br \/>\n \tWysokiej jako\u015bci wydruk na papierze kredowym<br \/>\n \tBia\u0142a Ramka\u00a0<br \/>\n \tZdj\u0119cie prosz\u0119 wys\u0142a\u0107 na maila sklep@decoczar.pl wraz z nr zam\u00f3wienia (dobra jako\u015b\u0107 zdj\u0119cia)<br \/>\n \tOzdobna Kokardka<br \/>\n \tIstniej mo\u017cliwo\u015b\u0107 zam\u00f3wienia ramki w formacie A3 30\u00d740 cm<br \/>\n \tW uwagach do zam\u00f3wienia prosz\u0119 wpisa\u0107 wszelkie informacj\u0119, zmiana tekstu itp\u00a0<br \/>\n \tCzas realizacji 2-5 dni roboczych po zaksi\u0119gowaniu wp\u0142aty !!!<\/p>\n<p>\u00a0<\/p>\n<p>\u00a0<\/p>\n","protected":false},"excerpt":{"rendered":"<p>Ramka dla dziecka<\/p>\n<p>WYSY\u0141KA TYLKO KURIER !!!<\/p>\n<p> \tFormat A4 20\u00d730 cm<br \/>\n \tWysokiej jako\u015bci wydruk na papierze kredowym<br \/>\n \tBia\u0142a Ramka\u00a0<br \/>\n \tZdj\u0119cie prosz\u0119 wys\u0142a\u0107 na maila sklep@decoczar.pl wraz z nr zam\u00f3wienia (dobra jako\u015b\u0107 zdj\u0119cia)<br \/>\n \tOzdobna Kokardka<br \/>\n \tIstniej mo\u017cliwo\u015b\u0107 zam\u00f3wienia ramki w formacie A3 30\u00d740 cm<br \/>\n \tW uwagach do zam\u00f3wienia prosz\u0119 wpisa\u0107 wszelkie informacj\u0119, zmiana tekstu itp\u00a0<br \/>\n \tCzas realizacji 2-5 dni roboczych po zaksi\u0119gowaniu wp\u0142aty !!!<\/p>\n<p>\u00a0<\/p>\n<p>\u00a0<\/p>\n","protected":false},"featured_media":3350,"comment_status":"open","ping_status":"closed","template":"","meta":[],"etheme_brands":[],"product_cat":[83],"product_tag":[],"class_list":["post-5879","product","type-product","status-publish","has-post-thumbnail","hentry","product_cat-chrzest-swiety"],"_links":{"self":[{"href":"https:\/\/new.decoczar.pl\/index.php\/wp-json\/wp\/v2\/product\/5879","targetHints":{"allow":["GET"]}}],"collection":[{"href":"https:\/\/new.decoczar.pl\/index.php\/wp-json\/wp\/v2\/product"}],"about":[{"href":"https:\/\/new.decoczar.pl\/index.php\/wp-json\/wp\/v2\/types\/product"}],"replies":[{"embeddable":true,"href":"https:\/\/new.decoczar.pl\/index.php\/wp-json\/wp\/v2\/comments?post=5879"}],"wp:featuredmedia":[{"embeddable":true,"href":"https:\/\/new.decoczar.pl\/index.php\/wp-json\/wp\/v2\/media\/3350"}],"wp:attachment":[{"href":"https:\/\/new.decoczar.pl\/index.php\/wp-json\/wp\/v2\/media?parent=5879"}],"wp:term":[{"taxonomy":"brand","embeddable":true,"href":"https:\/\/new.decoczar.pl\/index.php\/wp-json\/wp\/v2\/etheme_brands?post=5879"},{"taxonomy":"product_cat","embeddable":true,"href":"https:\/\/new.decoczar.pl\/index.php\/wp-json\/wp\/v2\/product_cat?post=5879"},{"taxonomy":"product_tag","embeddable":true,"href":"https:\/\/new.decoczar.pl\/index.php\/wp-json\/wp\/v2\/product_tag?post=5879"}],"curies":[{"name":"wp","href":"https:\/\/api.w.org\/{rel}","templated":true}]}}