{"id":5888,"date":"2023-06-07T00:25:06","date_gmt":"2023-06-06T22:25:06","guid":{"rendered":"http:\/\/new.decoczar.pl\/index.php\/product\/topper-geometryczny-happy-birthday-5\/"},"modified":"2023-06-07T00:25:06","modified_gmt":"2023-06-06T22:25:06","slug":"topper-geometryczny-happy-birthday-5","status":"publish","type":"product","link":"https:\/\/new.decoczar.pl\/index.php\/product\/topper-geometryczny-happy-birthday-5\/","title":{"rendered":"Topper Geometryczny happy birthday"},"content":{"rendered":"<p> \tWymiary 12 cm<br \/>\n \tWysoko\u015b\u0107 17 cm (6 cm patyczek )<br \/>\n \tWykonany ze sklejki brzozowej 3 cm<br \/>\n \tKolor czarny<\/p>\n<p>WYSY\u0141KA LIST PRIORYTET TOPPER B\u0104D\u0179 KURIER !!!<\/p>\n","protected":false},"excerpt":{"rendered":"<p> \tWymiary 12 cm<br \/>\n \tWysoko\u015b\u0107 17 cm (6 cm patyczek )<br \/>\n \tWykonany ze sklejki brzozowej 3 cm<br \/>\n \tKolor czarny<\/p>\n<p>WYSY\u0141KA LIST PRIORYTET TOPPER B\u0104D\u0179 KURIER !!!<\/p>\n","protected":false},"featured_media":3402,"comment_status":"open","ping_status":"closed","template":"","meta":[],"etheme_brands":[],"product_cat":[64],"product_tag":[],"class_list":["post-5888","product","type-product","status-publish","has-post-thumbnail","hentry","product_cat-topper"],"_links":{"self":[{"href":"https:\/\/new.decoczar.pl\/index.php\/wp-json\/wp\/v2\/product\/5888","targetHints":{"allow":["GET"]}}],"collection":[{"href":"https:\/\/new.decoczar.pl\/index.php\/wp-json\/wp\/v2\/product"}],"about":[{"href":"https:\/\/new.decoczar.pl\/index.php\/wp-json\/wp\/v2\/types\/product"}],"replies":[{"embeddable":true,"href":"https:\/\/new.decoczar.pl\/index.php\/wp-json\/wp\/v2\/comments?post=5888"}],"wp:featuredmedia":[{"embeddable":true,"href":"https:\/\/new.decoczar.pl\/index.php\/wp-json\/wp\/v2\/media\/3402"}],"wp:attachment":[{"href":"https:\/\/new.decoczar.pl\/index.php\/wp-json\/wp\/v2\/media?parent=5888"}],"wp:term":[{"taxonomy":"brand","embeddable":true,"href":"https:\/\/new.decoczar.pl\/index.php\/wp-json\/wp\/v2\/etheme_brands?post=5888"},{"taxonomy":"product_cat","embeddable":true,"href":"https:\/\/new.decoczar.pl\/index.php\/wp-json\/wp\/v2\/product_cat?post=5888"},{"taxonomy":"product_tag","embeddable":true,"href":"https:\/\/new.decoczar.pl\/index.php\/wp-json\/wp\/v2\/product_tag?post=5888"}],"curies":[{"name":"wp","href":"https:\/\/api.w.org\/{rel}","templated":true}]}}