{"id":5947,"date":"2023-06-10T07:42:45","date_gmt":"2023-06-10T05:42:45","guid":{"rendered":"http:\/\/new.decoczar.pl\/index.php\/product\/topper-na-1-urodziny-korona-imie-brokat-3\/"},"modified":"2023-06-10T07:42:45","modified_gmt":"2023-06-10T05:42:45","slug":"topper-na-1-urodziny-korona-imie-brokat-3","status":"publish","type":"product","link":"https:\/\/new.decoczar.pl\/index.php\/product\/topper-na-1-urodziny-korona-imie-brokat-3\/","title":{"rendered":"Topper na 1 urodziny korona imi\u0119 brokat"},"content":{"rendered":"<p>\u00a0<\/p>\n<p>Topper ze sklejki<\/p>\n<p> \tWymiary szeroko\u015b\u0107 14 cm<br \/>\n \tWysoko\u015b\u0107 6 cm<br \/>\n \tWykonany ze sklejki brzozowej 3 cm<br \/>\n \tGrafika Korona<br \/>\n \tImi\u0119 mo\u017cemy modyfikowa\u0107<br \/>\n \tKolor brokat fiolet<br \/>\n \tW uwagach klienta prosz\u0119 poda\u0107 cyfr\u0119 i imi\u0119<\/p>\n<p>WYSY\u0141KA LIST PRIORYTET TOPPER B\u0104D\u0179 KURIER ( nie wysy\u0142amy poczt\u0105 za 6.00 z\u0142 !!! )<\/p>\n","protected":false},"excerpt":{"rendered":"<p>\u00a0<\/p>\n<p>Topper ze sklejki<\/p>\n<p> \tWymiary szeroko\u015b\u0107 14 cm<br \/>\n \tWysoko\u015b\u0107 6 cm<br \/>\n \tWykonany ze sklejki brzozowej 3 cm<br \/>\n \tGrafika Korona<br \/>\n \tImi\u0119 mo\u017cemy modyfikowa\u0107<br \/>\n \tKolor brokat fiolet<br \/>\n \tW uwagach klienta prosz\u0119 poda\u0107 cyfr\u0119 i imi\u0119<\/p>\n<p>WYSY\u0141KA LIST PRIORYTET TOPPER B\u0104D\u0179 KURIER ( nie wysy\u0142amy poczt\u0105 za 6.00 z\u0142 !!! )<\/p>\n","protected":false},"featured_media":3647,"comment_status":"open","ping_status":"closed","template":"","meta":[],"etheme_brands":[],"product_cat":[64],"product_tag":[],"class_list":["post-5947","product","type-product","status-publish","has-post-thumbnail","hentry","product_cat-topper"],"_links":{"self":[{"href":"https:\/\/new.decoczar.pl\/index.php\/wp-json\/wp\/v2\/product\/5947","targetHints":{"allow":["GET"]}}],"collection":[{"href":"https:\/\/new.decoczar.pl\/index.php\/wp-json\/wp\/v2\/product"}],"about":[{"href":"https:\/\/new.decoczar.pl\/index.php\/wp-json\/wp\/v2\/types\/product"}],"replies":[{"embeddable":true,"href":"https:\/\/new.decoczar.pl\/index.php\/wp-json\/wp\/v2\/comments?post=5947"}],"wp:featuredmedia":[{"embeddable":true,"href":"https:\/\/new.decoczar.pl\/index.php\/wp-json\/wp\/v2\/media\/3647"}],"wp:attachment":[{"href":"https:\/\/new.decoczar.pl\/index.php\/wp-json\/wp\/v2\/media?parent=5947"}],"wp:term":[{"taxonomy":"brand","embeddable":true,"href":"https:\/\/new.decoczar.pl\/index.php\/wp-json\/wp\/v2\/etheme_brands?post=5947"},{"taxonomy":"product_cat","embeddable":true,"href":"https:\/\/new.decoczar.pl\/index.php\/wp-json\/wp\/v2\/product_cat?post=5947"},{"taxonomy":"product_tag","embeddable":true,"href":"https:\/\/new.decoczar.pl\/index.php\/wp-json\/wp\/v2\/product_tag?post=5947"}],"curies":[{"name":"wp","href":"https:\/\/api.w.org\/{rel}","templated":true}]}}