{"id":5964,"date":"2023-06-10T07:43:39","date_gmt":"2023-06-10T05:43:39","guid":{"rendered":"http:\/\/new.decoczar.pl\/index.php\/product\/bombka-drewniana-zawieszka-grawer-36\/"},"modified":"2023-06-10T07:43:39","modified_gmt":"2023-06-10T05:43:39","slug":"bombka-drewniana-zawieszka-grawer-36","status":"publish","type":"product","link":"https:\/\/new.decoczar.pl\/index.php\/product\/bombka-drewniana-zawieszka-grawer-36\/","title":{"rendered":"Bombka Drewniana zawieszka grawer"},"content":{"rendered":"<p>Bombka Drewniana<\/p>\n<p> \tWymiary &#8211; \u015brednica 10 cm<br \/>\n \tWykonana ze sklejki brzozowej 3 mm<br \/>\n \tSznurek ozdobny<br \/>\n \tGrafika gwiazdki, miko\u0142aj<br \/>\n \tW uwagach klienta prosz\u0119 wpisa\u0107 nazw\u0119 firmy, b\u0105d\u017a tekst<br \/>\n \tGRATIS !!! PREZENTOWE OPAKOWANIE<\/p>\n<p>Powy\u017cej 5 sztuk wysy\u0142ka kurier<\/p>\n","protected":false},"excerpt":{"rendered":"<p>Bombka Drewniana<\/p>\n<p> \tWymiary &#8211; \u015brednica 10 cm<br \/>\n \tWykonana ze sklejki brzozowej 3 mm<br \/>\n \tSznurek ozdobny<br \/>\n \tGrafika gwiazdki, miko\u0142aj<br \/>\n \tW uwagach klienta prosz\u0119 wpisa\u0107 nazw\u0119 firmy, b\u0105d\u017a tekst<br \/>\n \tGRATIS !!! PREZENTOWE OPAKOWANIE<\/p>\n<p>Powy\u017cej 5 sztuk wysy\u0142ka kurier<\/p>\n","protected":false},"featured_media":3722,"comment_status":"open","ping_status":"closed","template":"","meta":[],"etheme_brands":[],"product_cat":[74],"product_tag":[],"class_list":["post-5964","product","type-product","status-publish","has-post-thumbnail","hentry","product_cat-boze-narodzenie"],"_links":{"self":[{"href":"https:\/\/new.decoczar.pl\/index.php\/wp-json\/wp\/v2\/product\/5964","targetHints":{"allow":["GET"]}}],"collection":[{"href":"https:\/\/new.decoczar.pl\/index.php\/wp-json\/wp\/v2\/product"}],"about":[{"href":"https:\/\/new.decoczar.pl\/index.php\/wp-json\/wp\/v2\/types\/product"}],"replies":[{"embeddable":true,"href":"https:\/\/new.decoczar.pl\/index.php\/wp-json\/wp\/v2\/comments?post=5964"}],"wp:featuredmedia":[{"embeddable":true,"href":"https:\/\/new.decoczar.pl\/index.php\/wp-json\/wp\/v2\/media\/3722"}],"wp:attachment":[{"href":"https:\/\/new.decoczar.pl\/index.php\/wp-json\/wp\/v2\/media?parent=5964"}],"wp:term":[{"taxonomy":"brand","embeddable":true,"href":"https:\/\/new.decoczar.pl\/index.php\/wp-json\/wp\/v2\/etheme_brands?post=5964"},{"taxonomy":"product_cat","embeddable":true,"href":"https:\/\/new.decoczar.pl\/index.php\/wp-json\/wp\/v2\/product_cat?post=5964"},{"taxonomy":"product_tag","embeddable":true,"href":"https:\/\/new.decoczar.pl\/index.php\/wp-json\/wp\/v2\/product_tag?post=5964"}],"curies":[{"name":"wp","href":"https:\/\/api.w.org\/{rel}","templated":true}]}}