{"id":5997,"date":"2023-06-12T06:28:51","date_gmt":"2023-06-12T04:28:51","guid":{"rendered":"http:\/\/new.decoczar.pl\/index.php\/product\/topper-chrzest-swiety-aniolek-3\/"},"modified":"2023-06-12T06:28:51","modified_gmt":"2023-06-12T04:28:51","slug":"topper-chrzest-swiety-aniolek-3","status":"publish","type":"product","link":"https:\/\/new.decoczar.pl\/index.php\/product\/topper-chrzest-swiety-aniolek-3\/","title":{"rendered":"Topper Chrzest \u015awi\u0119ty Anio\u0142ek"},"content":{"rendered":"<p>Napisy ze sklejki<\/p>\n<p> \tWymiary 11 cm<br \/>\n \tWysoko\u015b\u0107 8 cm<br \/>\n \tWykonany ze sklejki brzozowej 3 cm<br \/>\n \tGrafika Anio\u0142ek<br \/>\n \tDrewniane szpikulce<br \/>\n \tCzas realizacji 2-5 dni roboczych po zaksi\u0119gowaniu wp\u0142aty<br \/>\n \tZale\u017cy Ci na czasie skontaktuj si\u0119 z nami<\/p>\n<p>WYSY\u0141KA LIST PIORYTET TOPPER B\u0104D\u0179 KURIER<\/p>\n","protected":false},"excerpt":{"rendered":"<p>Napisy ze sklejki<\/p>\n<p> \tWymiary 11 cm<br \/>\n \tWysoko\u015b\u0107 8 cm<br \/>\n \tWykonany ze sklejki brzozowej 3 cm<br \/>\n \tGrafika Anio\u0142ek<br \/>\n \tDrewniane szpikulce<br \/>\n \tCzas realizacji 2-5 dni roboczych po zaksi\u0119gowaniu wp\u0142aty<br \/>\n \tZale\u017cy Ci na czasie skontaktuj si\u0119 z nami<\/p>\n<p>WYSY\u0141KA LIST PIORYTET TOPPER B\u0104D\u0179 KURIER<\/p>\n","protected":false},"featured_media":3884,"comment_status":"open","ping_status":"closed","template":"","meta":[],"etheme_brands":[],"product_cat":[64],"product_tag":[],"class_list":["post-5997","product","type-product","status-publish","has-post-thumbnail","hentry","product_cat-topper"],"_links":{"self":[{"href":"https:\/\/new.decoczar.pl\/index.php\/wp-json\/wp\/v2\/product\/5997","targetHints":{"allow":["GET"]}}],"collection":[{"href":"https:\/\/new.decoczar.pl\/index.php\/wp-json\/wp\/v2\/product"}],"about":[{"href":"https:\/\/new.decoczar.pl\/index.php\/wp-json\/wp\/v2\/types\/product"}],"replies":[{"embeddable":true,"href":"https:\/\/new.decoczar.pl\/index.php\/wp-json\/wp\/v2\/comments?post=5997"}],"wp:featuredmedia":[{"embeddable":true,"href":"https:\/\/new.decoczar.pl\/index.php\/wp-json\/wp\/v2\/media\/3884"}],"wp:attachment":[{"href":"https:\/\/new.decoczar.pl\/index.php\/wp-json\/wp\/v2\/media?parent=5997"}],"wp:term":[{"taxonomy":"brand","embeddable":true,"href":"https:\/\/new.decoczar.pl\/index.php\/wp-json\/wp\/v2\/etheme_brands?post=5997"},{"taxonomy":"product_cat","embeddable":true,"href":"https:\/\/new.decoczar.pl\/index.php\/wp-json\/wp\/v2\/product_cat?post=5997"},{"taxonomy":"product_tag","embeddable":true,"href":"https:\/\/new.decoczar.pl\/index.php\/wp-json\/wp\/v2\/product_tag?post=5997"}],"curies":[{"name":"wp","href":"https:\/\/api.w.org\/{rel}","templated":true}]}}