{"id":6029,"date":"2023-06-12T15:45:20","date_gmt":"2023-06-12T13:45:20","guid":{"rendered":"http:\/\/new.decoczar.pl\/index.php\/product\/podziekowania-dla-gosci-skrzydelka-z-magnesem-7\/"},"modified":"2023-06-12T15:45:20","modified_gmt":"2023-06-12T13:45:20","slug":"podziekowania-dla-gosci-skrzydelka-z-magnesem-7","status":"publish","type":"product","link":"https:\/\/new.decoczar.pl\/index.php\/product\/podziekowania-dla-gosci-skrzydelka-z-magnesem-7\/","title":{"rendered":"Podzi\u0119kowania dla go\u015bci Skrzyde\u0142ka z magnesem"},"content":{"rendered":"<p>Podzi\u0119kowanie dla go\u015bci w formie drewnianych skrzyde\u0142ek<br \/>\nPodzi\u0119kowanie go\u015bciom za przybycie na uroczysto\u015b\u0107 Chrztu \u015awi\u0119tego b\u0119dzie bardzo mi\u0142ym gestem . Drewniane chmurka b\u0119dzie przywo\u0142ywa\u0107 wspomnienia z tej uroczystej chwili w pami\u0119ci go\u015bci.<br \/>\nZ pewno\u015bci\u0105 wszyscy doceni\u0105 ten gest.<br \/>\n\u00a0<\/p>\n","protected":false},"excerpt":{"rendered":"<p>Podzi\u0119kowanie dla go\u015bci w formie drewnianych skrzyde\u0142ek<br \/>\nPodzi\u0119kowanie go\u015bciom za przybycie na uroczysto\u015b\u0107 Chrztu \u015awi\u0119tego b\u0119dzie bardzo mi\u0142ym gestem . Drewniane chmurka b\u0119dzie przywo\u0142ywa\u0107 wspomnienia z tej uroczystej chwili w pami\u0119ci go\u015bci.<br \/>\nZ pewno\u015bci\u0105 wszyscy doceni\u0105 ten gest.<br \/>\n\u00a0<\/p>\n","protected":false},"featured_media":4042,"comment_status":"open","ping_status":"closed","template":"","meta":[],"etheme_brands":[],"product_cat":[83],"product_tag":[],"class_list":["post-6029","product","type-product","status-publish","has-post-thumbnail","hentry","product_cat-chrzest-swiety"],"_links":{"self":[{"href":"https:\/\/new.decoczar.pl\/index.php\/wp-json\/wp\/v2\/product\/6029","targetHints":{"allow":["GET"]}}],"collection":[{"href":"https:\/\/new.decoczar.pl\/index.php\/wp-json\/wp\/v2\/product"}],"about":[{"href":"https:\/\/new.decoczar.pl\/index.php\/wp-json\/wp\/v2\/types\/product"}],"replies":[{"embeddable":true,"href":"https:\/\/new.decoczar.pl\/index.php\/wp-json\/wp\/v2\/comments?post=6029"}],"wp:featuredmedia":[{"embeddable":true,"href":"https:\/\/new.decoczar.pl\/index.php\/wp-json\/wp\/v2\/media\/4042"}],"wp:attachment":[{"href":"https:\/\/new.decoczar.pl\/index.php\/wp-json\/wp\/v2\/media?parent=6029"}],"wp:term":[{"taxonomy":"brand","embeddable":true,"href":"https:\/\/new.decoczar.pl\/index.php\/wp-json\/wp\/v2\/etheme_brands?post=6029"},{"taxonomy":"product_cat","embeddable":true,"href":"https:\/\/new.decoczar.pl\/index.php\/wp-json\/wp\/v2\/product_cat?post=6029"},{"taxonomy":"product_tag","embeddable":true,"href":"https:\/\/new.decoczar.pl\/index.php\/wp-json\/wp\/v2\/product_tag?post=6029"}],"curies":[{"name":"wp","href":"https:\/\/api.w.org\/{rel}","templated":true}]}}