{"id":6043,"date":"2023-06-12T15:45:22","date_gmt":"2023-06-12T13:45:22","guid":{"rendered":"http:\/\/new.decoczar.pl\/index.php\/product\/zaproszenie-drewniane-chrzest-swiety-3\/"},"modified":"2023-06-12T15:45:22","modified_gmt":"2023-06-12T13:45:22","slug":"zaproszenie-drewniane-chrzest-swiety-3","status":"publish","type":"product","link":"https:\/\/new.decoczar.pl\/index.php\/product\/zaproszenie-drewniane-chrzest-swiety-3\/","title":{"rendered":"Zaproszenie Drewniane Chrzest \u015awi\u0119ty"},"content":{"rendered":"<p>ZAPROSZENIE CHRZEST \u015aWI\u0118TY<\/p>\n<p>Drewniane zaproszenie jako alternatywa dla tradycji i powszechno\u015bci.<br \/>\nCo\u015b innego, \u015bwie\u017cego od czasu do czasu warto wprowadzi\u0107 w \u017cycie.<\/p>\n<p>Mo\u017cesz wys\u0142a\u0107 je wszystkim go\u015bciom b\u0105d\u017a wyr\u00f3\u017cni\u0107 nimi niekt\u00f3rych go\u015bci np. dziadk\u00f3w, rodzic\u00f3w chrzestnych.<\/p>\n<p>\u00a0<\/p>\n","protected":false},"excerpt":{"rendered":"<p>ZAPROSZENIE CHRZEST \u015aWI\u0118TY<\/p>\n<p>Drewniane zaproszenie jako alternatywa dla tradycji i powszechno\u015bci.<br \/>\nCo\u015b innego, \u015bwie\u017cego od czasu do czasu warto wprowadzi\u0107 w \u017cycie.<\/p>\n<p>Mo\u017cesz wys\u0142a\u0107 je wszystkim go\u015bciom b\u0105d\u017a wyr\u00f3\u017cni\u0107 nimi niekt\u00f3rych go\u015bci np. dziadk\u00f3w, rodzic\u00f3w chrzestnych.<\/p>\n<p>\u00a0<\/p>\n","protected":false},"featured_media":4156,"comment_status":"open","ping_status":"closed","template":"","meta":[],"etheme_brands":[],"product_cat":[83],"product_tag":[],"class_list":["post-6043","product","type-product","status-publish","has-post-thumbnail","hentry","product_cat-chrzest-swiety"],"_links":{"self":[{"href":"https:\/\/new.decoczar.pl\/index.php\/wp-json\/wp\/v2\/product\/6043","targetHints":{"allow":["GET"]}}],"collection":[{"href":"https:\/\/new.decoczar.pl\/index.php\/wp-json\/wp\/v2\/product"}],"about":[{"href":"https:\/\/new.decoczar.pl\/index.php\/wp-json\/wp\/v2\/types\/product"}],"replies":[{"embeddable":true,"href":"https:\/\/new.decoczar.pl\/index.php\/wp-json\/wp\/v2\/comments?post=6043"}],"wp:featuredmedia":[{"embeddable":true,"href":"https:\/\/new.decoczar.pl\/index.php\/wp-json\/wp\/v2\/media\/4156"}],"wp:attachment":[{"href":"https:\/\/new.decoczar.pl\/index.php\/wp-json\/wp\/v2\/media?parent=6043"}],"wp:term":[{"taxonomy":"brand","embeddable":true,"href":"https:\/\/new.decoczar.pl\/index.php\/wp-json\/wp\/v2\/etheme_brands?post=6043"},{"taxonomy":"product_cat","embeddable":true,"href":"https:\/\/new.decoczar.pl\/index.php\/wp-json\/wp\/v2\/product_cat?post=6043"},{"taxonomy":"product_tag","embeddable":true,"href":"https:\/\/new.decoczar.pl\/index.php\/wp-json\/wp\/v2\/product_tag?post=6043"}],"curies":[{"name":"wp","href":"https:\/\/api.w.org\/{rel}","templated":true}]}}