{"id":6124,"date":"2023-06-26T22:28:42","date_gmt":"2023-06-26T20:28:42","guid":{"rendered":"https:\/\/new.decoczar.pl\/index.php\/product\/bombka-ddewniana-bing-3\/"},"modified":"2023-06-26T22:28:42","modified_gmt":"2023-06-26T20:28:42","slug":"bombka-ddewniana-bing-3","status":"publish","type":"product","link":"https:\/\/new.decoczar.pl\/index.php\/product\/bombka-ddewniana-bing-3\/","title":{"rendered":"Bombka Ddewniana BING"},"content":{"rendered":"<p>Bombka Drewniana<\/p>\n<p> \tWymiary &#8211; \u015brednica 8 cm<br \/>\n \tWykonana ze sklejki brzozowej 3 mm<br \/>\n \tSznurek jutowy<br \/>\n \tGrafika binga, gwiazdki<br \/>\n \tW uwagach dla klienta prosz\u0119 wpisa\u0107 imi\u0119<br \/>\n \tCzas realizacji do 5 dni po zaksi\u0119gowaniu wp\u0142aty<br \/>\n \tPrzy wi\u0119kszej ilo\u015bci czas realizacji jest d\u0142u\u017cszy<\/p>\n","protected":false},"excerpt":{"rendered":"<p>Bombka Drewniana<\/p>\n<p> \tWymiary &#8211; \u015brednica 8 cm<br \/>\n \tWykonana ze sklejki brzozowej 3 mm<br \/>\n \tSznurek jutowy<br \/>\n \tGrafika binga, gwiazdki<br \/>\n \tW uwagach dla klienta prosz\u0119 wpisa\u0107 imi\u0119<br \/>\n \tCzas realizacji do 5 dni po zaksi\u0119gowaniu wp\u0142aty<br \/>\n \tPrzy wi\u0119kszej ilo\u015bci czas realizacji jest d\u0142u\u017cszy<\/p>\n","protected":false},"featured_media":4623,"comment_status":"open","ping_status":"closed","template":"","meta":[],"etheme_brands":[],"product_cat":[74],"product_tag":[],"class_list":["post-6124","product","type-product","status-publish","has-post-thumbnail","hentry","product_cat-boze-narodzenie"],"_links":{"self":[{"href":"https:\/\/new.decoczar.pl\/index.php\/wp-json\/wp\/v2\/product\/6124","targetHints":{"allow":["GET"]}}],"collection":[{"href":"https:\/\/new.decoczar.pl\/index.php\/wp-json\/wp\/v2\/product"}],"about":[{"href":"https:\/\/new.decoczar.pl\/index.php\/wp-json\/wp\/v2\/types\/product"}],"replies":[{"embeddable":true,"href":"https:\/\/new.decoczar.pl\/index.php\/wp-json\/wp\/v2\/comments?post=6124"}],"wp:featuredmedia":[{"embeddable":true,"href":"https:\/\/new.decoczar.pl\/index.php\/wp-json\/wp\/v2\/media\/4623"}],"wp:attachment":[{"href":"https:\/\/new.decoczar.pl\/index.php\/wp-json\/wp\/v2\/media?parent=6124"}],"wp:term":[{"taxonomy":"brand","embeddable":true,"href":"https:\/\/new.decoczar.pl\/index.php\/wp-json\/wp\/v2\/etheme_brands?post=6124"},{"taxonomy":"product_cat","embeddable":true,"href":"https:\/\/new.decoczar.pl\/index.php\/wp-json\/wp\/v2\/product_cat?post=6124"},{"taxonomy":"product_tag","embeddable":true,"href":"https:\/\/new.decoczar.pl\/index.php\/wp-json\/wp\/v2\/product_tag?post=6124"}],"curies":[{"name":"wp","href":"https:\/\/api.w.org\/{rel}","templated":true}]}}