{"id":6138,"date":"2023-06-27T14:22:54","date_gmt":"2023-06-27T12:22:54","guid":{"rendered":"https:\/\/new.decoczar.pl\/index.php\/product\/deska-taca-dekoracyjna-drewniana-z-zywicy-morska-rybki-3\/"},"modified":"2023-06-27T14:22:54","modified_gmt":"2023-06-27T12:22:54","slug":"deska-taca-dekoracyjna-drewniana-z-zywicy-morska-rybki-3","status":"publish","type":"product","link":"https:\/\/new.decoczar.pl\/index.php\/product\/deska-taca-dekoracyjna-drewniana-z-zywicy-morska-rybki-3\/","title":{"rendered":"Deska\/taca dekoracyjna drewniana z \u017cywicy MORSKA RYBKI"},"content":{"rendered":"<p>Podk\u0142adki<\/p>\n<p> \tWymiary : 55&#215;15<br \/>\n \tDeska bambusowa<br \/>\n \tKolor niebieski, morski biel, piasek, muszelki<br \/>\n \tW uwagach do zam\u00f3wienia prosz\u0119 wpisa\u0107 wszelkie zmiany<br \/>\n \tProdukt dost\u0119pny od r\u0119ki<br \/>\n \tWysy\u0142ka kurier \/ kurier pobranie<br \/>\n \tMo\u017cliwo\u015b\u0107 dokupienia podk\u0142adek do kompletu<\/p>\n","protected":false},"excerpt":{"rendered":"<p>Podk\u0142adki<\/p>\n<p> \tWymiary : 55&#215;15<br \/>\n \tDeska bambusowa<br \/>\n \tKolor niebieski, morski biel, piasek, muszelki<br \/>\n \tW uwagach do zam\u00f3wienia prosz\u0119 wpisa\u0107 wszelkie zmiany<br \/>\n \tProdukt dost\u0119pny od r\u0119ki<br \/>\n \tWysy\u0142ka kurier \/ kurier pobranie<br \/>\n \tMo\u017cliwo\u015b\u0107 dokupienia podk\u0142adek do kompletu<\/p>\n","protected":false},"featured_media":4669,"comment_status":"open","ping_status":"closed","template":"","meta":[],"etheme_brands":[],"product_cat":[200],"product_tag":[],"class_list":["post-6138","product","type-product","status-publish","has-post-thumbnail","hentry","product_cat-dostepne-od-reki-produkty-z-zywicy-promocja"],"_links":{"self":[{"href":"https:\/\/new.decoczar.pl\/index.php\/wp-json\/wp\/v2\/product\/6138","targetHints":{"allow":["GET"]}}],"collection":[{"href":"https:\/\/new.decoczar.pl\/index.php\/wp-json\/wp\/v2\/product"}],"about":[{"href":"https:\/\/new.decoczar.pl\/index.php\/wp-json\/wp\/v2\/types\/product"}],"replies":[{"embeddable":true,"href":"https:\/\/new.decoczar.pl\/index.php\/wp-json\/wp\/v2\/comments?post=6138"}],"wp:featuredmedia":[{"embeddable":true,"href":"https:\/\/new.decoczar.pl\/index.php\/wp-json\/wp\/v2\/media\/4669"}],"wp:attachment":[{"href":"https:\/\/new.decoczar.pl\/index.php\/wp-json\/wp\/v2\/media?parent=6138"}],"wp:term":[{"taxonomy":"brand","embeddable":true,"href":"https:\/\/new.decoczar.pl\/index.php\/wp-json\/wp\/v2\/etheme_brands?post=6138"},{"taxonomy":"product_cat","embeddable":true,"href":"https:\/\/new.decoczar.pl\/index.php\/wp-json\/wp\/v2\/product_cat?post=6138"},{"taxonomy":"product_tag","embeddable":true,"href":"https:\/\/new.decoczar.pl\/index.php\/wp-json\/wp\/v2\/product_tag?post=6138"}],"curies":[{"name":"wp","href":"https:\/\/api.w.org\/{rel}","templated":true}]}}