{"id":6198,"date":"2023-06-27T19:54:42","date_gmt":"2023-06-27T17:54:42","guid":{"rendered":"http:\/\/new.decoczar.pl\/index.php\/product\/wieszak-opalony-zywica-morski-4\/"},"modified":"2023-06-27T19:54:42","modified_gmt":"2023-06-27T17:54:42","slug":"wieszak-opalony-zywica-morski-4","status":"publish","type":"product","link":"https:\/\/new.decoczar.pl\/index.php\/product\/wieszak-opalony-zywica-morski-4\/","title":{"rendered":"Wieszak opalony \u017cywica morski"},"content":{"rendered":"<p>Cechy produktu:<\/p>\n<p> \tWymiary : 85&#215;23 cm<br \/>\n \tGrubo\u015b\u0107 deski : 3 cm<br \/>\n \tZ ty\u0142u s\u0105 zamontowane dwa uchwyty umo\u017cliwiaj\u0105ce powieszenia wieszaka na \u015bcianie.<br \/>\n \tMateria\u0142 : Sosna, \u017cywica<br \/>\n \tDeska zosta\u0142a zabezpieczona wysokiej jako\u015bci lakierem<br \/>\n \tMosi\u0119\u017cne uchwyty<br \/>\n \tDost\u0119pna 1 sztuka<br \/>\n \tProdukt od podstaw wykonywany r\u0119cznie<\/p>\n","protected":false},"excerpt":{"rendered":"<p>Cechy produktu:<\/p>\n<p> \tWymiary : 85&#215;23 cm<br \/>\n \tGrubo\u015b\u0107 deski : 3 cm<br \/>\n \tZ ty\u0142u s\u0105 zamontowane dwa uchwyty umo\u017cliwiaj\u0105ce powieszenia wieszaka na \u015bcianie.<br \/>\n \tMateria\u0142 : Sosna, \u017cywica<br \/>\n \tDeska zosta\u0142a zabezpieczona wysokiej jako\u015bci lakierem<br \/>\n \tMosi\u0119\u017cne uchwyty<br \/>\n \tDost\u0119pna 1 sztuka<br \/>\n \tProdukt od podstaw wykonywany r\u0119cznie<\/p>\n","protected":false},"featured_media":2297,"comment_status":"open","ping_status":"closed","template":"","meta":[],"etheme_brands":[],"product_cat":[200],"product_tag":[],"class_list":["post-6198","product","type-product","status-publish","has-post-thumbnail","hentry","product_cat-dostepne-od-reki-produkty-z-zywicy-promocja"],"_links":{"self":[{"href":"https:\/\/new.decoczar.pl\/index.php\/wp-json\/wp\/v2\/product\/6198","targetHints":{"allow":["GET"]}}],"collection":[{"href":"https:\/\/new.decoczar.pl\/index.php\/wp-json\/wp\/v2\/product"}],"about":[{"href":"https:\/\/new.decoczar.pl\/index.php\/wp-json\/wp\/v2\/types\/product"}],"replies":[{"embeddable":true,"href":"https:\/\/new.decoczar.pl\/index.php\/wp-json\/wp\/v2\/comments?post=6198"}],"wp:featuredmedia":[{"embeddable":true,"href":"https:\/\/new.decoczar.pl\/index.php\/wp-json\/wp\/v2\/media\/2297"}],"wp:attachment":[{"href":"https:\/\/new.decoczar.pl\/index.php\/wp-json\/wp\/v2\/media?parent=6198"}],"wp:term":[{"taxonomy":"brand","embeddable":true,"href":"https:\/\/new.decoczar.pl\/index.php\/wp-json\/wp\/v2\/etheme_brands?post=6198"},{"taxonomy":"product_cat","embeddable":true,"href":"https:\/\/new.decoczar.pl\/index.php\/wp-json\/wp\/v2\/product_cat?post=6198"},{"taxonomy":"product_tag","embeddable":true,"href":"https:\/\/new.decoczar.pl\/index.php\/wp-json\/wp\/v2\/product_tag?post=6198"}],"curies":[{"name":"wp","href":"https:\/\/api.w.org\/{rel}","templated":true}]}}