{"id":6281,"date":"2023-07-02T03:49:27","date_gmt":"2023-07-02T01:49:27","guid":{"rendered":"http:\/\/new.decoczar.pl\/index.php\/product\/taca-kwiat-dekoracyjna-zywica-czarna-krysztalowa-4\/"},"modified":"2023-07-02T03:49:27","modified_gmt":"2023-07-02T01:49:27","slug":"taca-kwiat-dekoracyjna-zywica-czarna-krysztalowa-4","status":"publish","type":"product","link":"https:\/\/new.decoczar.pl\/index.php\/product\/taca-kwiat-dekoracyjna-zywica-czarna-krysztalowa-4\/","title":{"rendered":"Taca kwiat dekoracyjna \u017cywica czarna kryszta\u0142owa"},"content":{"rendered":"<p>Taca\/Patera dekoracyjna<\/p>\n<p> \tWymiary ; 35 x35 cm<br \/>\n \tKolorystyka czarny, biel, szara per\u0142a + kruszone szk\u0142o<br \/>\n \tCzas realizacji 10 dni roboczych po zaksi\u0119gowaniu wp\u0142aty<br \/>\n \tWykonujemy r\u00f3wnie\u017c indywidualne zam\u00f3wienia kolorystyczne klienta<br \/>\n \tWysy\u0142ka kurier \/ kurier pobranie<br \/>\n \tPraca z \u017cywic\u0105 zalezna jest r\u00f3wnie\u017c od pogody ( latem oraz zim\u0105 czas mo\u017ce by\u0107 d\u0142u\u017cszy )<br \/>\n \tTaca pokryta jest \u017cywic\u0105 odporn\u0105 na promieniowanie UV, oraz na zarysowania,<br \/>\n \tDo zestawu mo\u017cna zam\u00f3wi\u0107 podk\u0142adki &#8211; dost\u0119pne zak\u0142adka \u017cywica<br \/>\n \tZAMAWI\u0104JAC KILKA PRODUKT\u00d3W CZAS REALZIACJI JEST D\u0141U\u017bSZY DO 14 DNI ROBOCZYCH\u00a0<\/p>\n","protected":false},"excerpt":{"rendered":"<p>Taca\/Patera dekoracyjna<\/p>\n<p> \tWymiary ; 35 x35 cm<br \/>\n \tKolorystyka czarny, biel, szara per\u0142a + kruszone szk\u0142o<br \/>\n \tCzas realizacji 10 dni roboczych po zaksi\u0119gowaniu wp\u0142aty<br \/>\n \tWykonujemy r\u00f3wnie\u017c indywidualne zam\u00f3wienia kolorystyczne klienta<br \/>\n \tWysy\u0142ka kurier \/ kurier pobranie<br \/>\n \tPraca z \u017cywic\u0105 zalezna jest r\u00f3wnie\u017c od pogody ( latem oraz zim\u0105 czas mo\u017ce by\u0107 d\u0142u\u017cszy )<br \/>\n \tTaca pokryta jest \u017cywic\u0105 odporn\u0105 na promieniowanie UV, oraz na zarysowania,<br \/>\n \tDo zestawu mo\u017cna zam\u00f3wi\u0107 podk\u0142adki &#8211; dost\u0119pne zak\u0142adka \u017cywica<br \/>\n \tZAMAWI\u0104JAC KILKA PRODUKT\u00d3W CZAS REALZIACJI JEST D\u0141U\u017bSZY DO 14 DNI ROBOCZYCH\u00a0<\/p>\n","protected":false},"featured_media":2577,"comment_status":"open","ping_status":"closed","template":"","meta":[],"etheme_brands":[],"product_cat":[191],"product_tag":[],"class_list":["post-6281","product","type-product","status-publish","has-post-thumbnail","hentry","product_cat-dostepne-od-reki-produkty-z-zywicy"],"_links":{"self":[{"href":"https:\/\/new.decoczar.pl\/index.php\/wp-json\/wp\/v2\/product\/6281","targetHints":{"allow":["GET"]}}],"collection":[{"href":"https:\/\/new.decoczar.pl\/index.php\/wp-json\/wp\/v2\/product"}],"about":[{"href":"https:\/\/new.decoczar.pl\/index.php\/wp-json\/wp\/v2\/types\/product"}],"replies":[{"embeddable":true,"href":"https:\/\/new.decoczar.pl\/index.php\/wp-json\/wp\/v2\/comments?post=6281"}],"wp:featuredmedia":[{"embeddable":true,"href":"https:\/\/new.decoczar.pl\/index.php\/wp-json\/wp\/v2\/media\/2577"}],"wp:attachment":[{"href":"https:\/\/new.decoczar.pl\/index.php\/wp-json\/wp\/v2\/media?parent=6281"}],"wp:term":[{"taxonomy":"brand","embeddable":true,"href":"https:\/\/new.decoczar.pl\/index.php\/wp-json\/wp\/v2\/etheme_brands?post=6281"},{"taxonomy":"product_cat","embeddable":true,"href":"https:\/\/new.decoczar.pl\/index.php\/wp-json\/wp\/v2\/product_cat?post=6281"},{"taxonomy":"product_tag","embeddable":true,"href":"https:\/\/new.decoczar.pl\/index.php\/wp-json\/wp\/v2\/product_tag?post=6281"}],"curies":[{"name":"wp","href":"https:\/\/api.w.org\/{rel}","templated":true}]}}