{"id":6338,"date":"2023-07-02T07:45:41","date_gmt":"2023-07-02T05:45:41","guid":{"rendered":"https:\/\/new.decoczar.pl\/index.php\/product\/topper-ale-czad-ma-5-lat-4\/"},"modified":"2023-07-02T07:45:41","modified_gmt":"2023-07-02T05:45:41","slug":"topper-ale-czad-ma-5-lat-4","status":"publish","type":"product","link":"https:\/\/new.decoczar.pl\/index.php\/product\/topper-ale-czad-ma-5-lat-4\/","title":{"rendered":"Topper &#8221; Ale czad ma 5 lat &#8222;"},"content":{"rendered":"<p>Topper<\/p>\n<p> \tSzeroko\u015b\u0107 ok 15 cm<br \/>\n \tWysoko\u015b\u0107 15 CM<br \/>\n \tDrewniany szpikulec<br \/>\n \tMateria\u0142 : drewno<br \/>\n \tKolor r\u00f3\u017c w bia\u0142e kropki \/niebieski w bia\u0142e kropki<br \/>\n \tCzas realizacji do 5 dni roboczych po zaksi\u0119gowaniu wp\u0142aty !!!<br \/>\n \tW uwagach do zam\u00f3wienia prosz\u0119 wpisa\u0107\u00a0 kolor<\/p>\n<p>WYSY\u0141KA TYLKO\u00a0 KURIER !!!<\/p>\n","protected":false},"excerpt":{"rendered":"<p>Topper<\/p>\n<p> \tSzeroko\u015b\u0107 ok 15 cm<br \/>\n \tWysoko\u015b\u0107 15 CM<br \/>\n \tDrewniany szpikulec<br \/>\n \tMateria\u0142 : drewno<br \/>\n \tKolor r\u00f3\u017c w bia\u0142e kropki \/niebieski w bia\u0142e kropki<br \/>\n \tCzas realizacji do 5 dni roboczych po zaksi\u0119gowaniu wp\u0142aty !!!<br \/>\n \tW uwagach do zam\u00f3wienia prosz\u0119 wpisa\u0107\u00a0 kolor<\/p>\n<p>WYSY\u0141KA TYLKO\u00a0 KURIER !!!<\/p>\n","protected":false},"featured_media":2799,"comment_status":"open","ping_status":"closed","template":"","meta":[],"etheme_brands":[],"product_cat":[64],"product_tag":[],"class_list":["post-6338","product","type-product","status-publish","has-post-thumbnail","hentry","product_cat-topper"],"_links":{"self":[{"href":"https:\/\/new.decoczar.pl\/index.php\/wp-json\/wp\/v2\/product\/6338","targetHints":{"allow":["GET"]}}],"collection":[{"href":"https:\/\/new.decoczar.pl\/index.php\/wp-json\/wp\/v2\/product"}],"about":[{"href":"https:\/\/new.decoczar.pl\/index.php\/wp-json\/wp\/v2\/types\/product"}],"replies":[{"embeddable":true,"href":"https:\/\/new.decoczar.pl\/index.php\/wp-json\/wp\/v2\/comments?post=6338"}],"wp:featuredmedia":[{"embeddable":true,"href":"https:\/\/new.decoczar.pl\/index.php\/wp-json\/wp\/v2\/media\/2799"}],"wp:attachment":[{"href":"https:\/\/new.decoczar.pl\/index.php\/wp-json\/wp\/v2\/media?parent=6338"}],"wp:term":[{"taxonomy":"brand","embeddable":true,"href":"https:\/\/new.decoczar.pl\/index.php\/wp-json\/wp\/v2\/etheme_brands?post=6338"},{"taxonomy":"product_cat","embeddable":true,"href":"https:\/\/new.decoczar.pl\/index.php\/wp-json\/wp\/v2\/product_cat?post=6338"},{"taxonomy":"product_tag","embeddable":true,"href":"https:\/\/new.decoczar.pl\/index.php\/wp-json\/wp\/v2\/product_tag?post=6338"}],"curies":[{"name":"wp","href":"https:\/\/api.w.org\/{rel}","templated":true}]}}