{"id":6385,"date":"2023-07-03T04:35:43","date_gmt":"2023-07-03T02:35:43","guid":{"rendered":"http:\/\/new.decoczar.pl\/index.php\/product\/ramka-slubna-na-pieniadze-4\/"},"modified":"2023-07-03T04:35:43","modified_gmt":"2023-07-03T02:35:43","slug":"ramka-slubna-na-pieniadze-4","status":"publish","type":"product","link":"https:\/\/new.decoczar.pl\/index.php\/product\/ramka-slubna-na-pieniadze-4\/","title":{"rendered":"Ramka \u015blubna na pieni\u0105dze"},"content":{"rendered":"<p>Ramka Bia\u0142a<\/p>\n<p> \tWymiary 20 x 30 cm<br \/>\n \tWysokiej jako\u015bci druk na papierze kredowym<br \/>\n \tW uwagach do zam\u00f3wienia prosz\u0119 wpisa\u0107 imiona nowo\u017ce\u0144c\u00f3w + dat\u0119<br \/>\n \tCzarna ramka<br \/>\n \tCzas realizacji do 5\u00a0 dni roboczych po zaksi\u0119gowaniu wp\u0142aty<\/p>\n<p>Wysy\u0142ka tylko kurier \/ kurier pobranie !!!<\/p>\n","protected":false},"excerpt":{"rendered":"<p>Ramka Bia\u0142a<\/p>\n<p> \tWymiary 20 x 30 cm<br \/>\n \tWysokiej jako\u015bci druk na papierze kredowym<br \/>\n \tW uwagach do zam\u00f3wienia prosz\u0119 wpisa\u0107 imiona nowo\u017ce\u0144c\u00f3w + dat\u0119<br \/>\n \tCzarna ramka<br \/>\n \tCzas realizacji do 5\u00a0 dni roboczych po zaksi\u0119gowaniu wp\u0142aty<\/p>\n<p>Wysy\u0142ka tylko kurier \/ kurier pobranie !!!<\/p>\n","protected":false},"featured_media":2974,"comment_status":"open","ping_status":"closed","template":"","meta":[],"etheme_brands":[],"product_cat":[78],"product_tag":[],"class_list":["post-6385","product","type-product","status-publish","has-post-thumbnail","hentry","product_cat-slub-dekoracje"],"_links":{"self":[{"href":"https:\/\/new.decoczar.pl\/index.php\/wp-json\/wp\/v2\/product\/6385","targetHints":{"allow":["GET"]}}],"collection":[{"href":"https:\/\/new.decoczar.pl\/index.php\/wp-json\/wp\/v2\/product"}],"about":[{"href":"https:\/\/new.decoczar.pl\/index.php\/wp-json\/wp\/v2\/types\/product"}],"replies":[{"embeddable":true,"href":"https:\/\/new.decoczar.pl\/index.php\/wp-json\/wp\/v2\/comments?post=6385"}],"wp:featuredmedia":[{"embeddable":true,"href":"https:\/\/new.decoczar.pl\/index.php\/wp-json\/wp\/v2\/media\/2974"}],"wp:attachment":[{"href":"https:\/\/new.decoczar.pl\/index.php\/wp-json\/wp\/v2\/media?parent=6385"}],"wp:term":[{"taxonomy":"brand","embeddable":true,"href":"https:\/\/new.decoczar.pl\/index.php\/wp-json\/wp\/v2\/etheme_brands?post=6385"},{"taxonomy":"product_cat","embeddable":true,"href":"https:\/\/new.decoczar.pl\/index.php\/wp-json\/wp\/v2\/product_cat?post=6385"},{"taxonomy":"product_tag","embeddable":true,"href":"https:\/\/new.decoczar.pl\/index.php\/wp-json\/wp\/v2\/product_tag?post=6385"}],"curies":[{"name":"wp","href":"https:\/\/api.w.org\/{rel}","templated":true}]}}