{"id":6426,"date":"2023-07-03T04:49:31","date_gmt":"2023-07-03T02:49:31","guid":{"rendered":"https:\/\/new.decoczar.pl\/index.php\/product\/topper-40-nadal-sexy-4\/"},"modified":"2023-07-03T04:49:31","modified_gmt":"2023-07-03T02:49:31","slug":"topper-40-nadal-sexy-4","status":"publish","type":"product","link":"https:\/\/new.decoczar.pl\/index.php\/product\/topper-40-nadal-sexy-4\/","title":{"rendered":"Topper 40 nadal SEXY"},"content":{"rendered":"<p>Topper 40 nadal SEXY<\/p>\n<p> \tSzeroko\u015b\u0107 ok 16 cm<br \/>\n \tWysoko\u015b\u0107 12 CM<br \/>\n \tDrewniany szpikulec<br \/>\n \tMateria\u0142 : drewno<br \/>\n \tW uwagach do zam\u00f3wienia prosz\u0119 wpisa\u0107 liczb\u0119 ( 30,40,50,60 )<br \/>\n \tCzas realizacji do 5 dni roboczych po zaksi\u0119gowaniu wp\u0142aty !!!<\/p>\n<p>WYSY\u0141KA TYLKO\u00a0 KURIER !!!<\/p>\n","protected":false},"excerpt":{"rendered":"<p>Topper 40 nadal SEXY<\/p>\n<p> \tSzeroko\u015b\u0107 ok 16 cm<br \/>\n \tWysoko\u015b\u0107 12 CM<br \/>\n \tDrewniany szpikulec<br \/>\n \tMateria\u0142 : drewno<br \/>\n \tW uwagach do zam\u00f3wienia prosz\u0119 wpisa\u0107 liczb\u0119 ( 30,40,50,60 )<br \/>\n \tCzas realizacji do 5 dni roboczych po zaksi\u0119gowaniu wp\u0142aty !!!<\/p>\n<p>WYSY\u0141KA TYLKO\u00a0 KURIER !!!<\/p>\n","protected":false},"featured_media":3124,"comment_status":"open","ping_status":"closed","template":"","meta":[],"etheme_brands":[],"product_cat":[64],"product_tag":[],"class_list":["post-6426","product","type-product","status-publish","has-post-thumbnail","hentry","product_cat-topper"],"_links":{"self":[{"href":"https:\/\/new.decoczar.pl\/index.php\/wp-json\/wp\/v2\/product\/6426","targetHints":{"allow":["GET"]}}],"collection":[{"href":"https:\/\/new.decoczar.pl\/index.php\/wp-json\/wp\/v2\/product"}],"about":[{"href":"https:\/\/new.decoczar.pl\/index.php\/wp-json\/wp\/v2\/types\/product"}],"replies":[{"embeddable":true,"href":"https:\/\/new.decoczar.pl\/index.php\/wp-json\/wp\/v2\/comments?post=6426"}],"wp:featuredmedia":[{"embeddable":true,"href":"https:\/\/new.decoczar.pl\/index.php\/wp-json\/wp\/v2\/media\/3124"}],"wp:attachment":[{"href":"https:\/\/new.decoczar.pl\/index.php\/wp-json\/wp\/v2\/media?parent=6426"}],"wp:term":[{"taxonomy":"brand","embeddable":true,"href":"https:\/\/new.decoczar.pl\/index.php\/wp-json\/wp\/v2\/etheme_brands?post=6426"},{"taxonomy":"product_cat","embeddable":true,"href":"https:\/\/new.decoczar.pl\/index.php\/wp-json\/wp\/v2\/product_cat?post=6426"},{"taxonomy":"product_tag","embeddable":true,"href":"https:\/\/new.decoczar.pl\/index.php\/wp-json\/wp\/v2\/product_tag?post=6426"}],"curies":[{"name":"wp","href":"https:\/\/api.w.org\/{rel}","templated":true}]}}