{"id":6490,"date":"2023-07-03T08:29:55","date_gmt":"2023-07-03T06:29:55","guid":{"rendered":"http:\/\/new.decoczar.pl\/index.php\/product\/napis-lustrzany-zloty-lustro-4\/"},"modified":"2023-07-03T08:29:55","modified_gmt":"2023-07-03T06:29:55","slug":"napis-lustrzany-zloty-lustro-4","status":"publish","type":"product","link":"https:\/\/new.decoczar.pl\/index.php\/product\/napis-lustrzany-zloty-lustro-4\/","title":{"rendered":"Napis Lustrzany z\u0142oty lustro"},"content":{"rendered":"<p>Napis Lustrzany<\/p>\n<p> \tWymiary 10 x 4,5\u00a0 cm<br \/>\n \tMateria\u0142: lustro akrylowe 3 mm<br \/>\n \tKolor z\u0142oty (kolor srebrny jest r\u00f3wnie\u017c dost\u0119pny )<br \/>\n \tW uwagach do zam\u00f3wienia prosz\u0119 poda\u0107 &#8222;wyraz &#8221;<br \/>\n \tCzas realizacji do 5 dni roboczych po zaksi\u0119gowaniu wp\u0142aty<\/p>\n","protected":false},"excerpt":{"rendered":"<p>Napis Lustrzany<\/p>\n<p> \tWymiary 10 x 4,5\u00a0 cm<br \/>\n \tMateria\u0142: lustro akrylowe 3 mm<br \/>\n \tKolor z\u0142oty (kolor srebrny jest r\u00f3wnie\u017c dost\u0119pny )<br \/>\n \tW uwagach do zam\u00f3wienia prosz\u0119 poda\u0107 &#8222;wyraz &#8221;<br \/>\n \tCzas realizacji do 5 dni roboczych po zaksi\u0119gowaniu wp\u0142aty<\/p>\n","protected":false},"featured_media":3412,"comment_status":"open","ping_status":"closed","template":"","meta":[],"etheme_brands":[],"product_cat":[78],"product_tag":[],"class_list":["post-6490","product","type-product","status-publish","has-post-thumbnail","hentry","product_cat-slub-dekoracje"],"_links":{"self":[{"href":"https:\/\/new.decoczar.pl\/index.php\/wp-json\/wp\/v2\/product\/6490","targetHints":{"allow":["GET"]}}],"collection":[{"href":"https:\/\/new.decoczar.pl\/index.php\/wp-json\/wp\/v2\/product"}],"about":[{"href":"https:\/\/new.decoczar.pl\/index.php\/wp-json\/wp\/v2\/types\/product"}],"replies":[{"embeddable":true,"href":"https:\/\/new.decoczar.pl\/index.php\/wp-json\/wp\/v2\/comments?post=6490"}],"wp:featuredmedia":[{"embeddable":true,"href":"https:\/\/new.decoczar.pl\/index.php\/wp-json\/wp\/v2\/media\/3412"}],"wp:attachment":[{"href":"https:\/\/new.decoczar.pl\/index.php\/wp-json\/wp\/v2\/media?parent=6490"}],"wp:term":[{"taxonomy":"brand","embeddable":true,"href":"https:\/\/new.decoczar.pl\/index.php\/wp-json\/wp\/v2\/etheme_brands?post=6490"},{"taxonomy":"product_cat","embeddable":true,"href":"https:\/\/new.decoczar.pl\/index.php\/wp-json\/wp\/v2\/product_cat?post=6490"},{"taxonomy":"product_tag","embeddable":true,"href":"https:\/\/new.decoczar.pl\/index.php\/wp-json\/wp\/v2\/product_tag?post=6490"}],"curies":[{"name":"wp","href":"https:\/\/api.w.org\/{rel}","templated":true}]}}