{"id":6594,"date":"2023-07-03T16:33:29","date_gmt":"2023-07-03T14:33:29","guid":{"rendered":"https:\/\/new.decoczar.pl\/index.php\/product\/topper-w-dniu-urodzin-4\/"},"modified":"2023-07-03T16:33:29","modified_gmt":"2023-07-03T14:33:29","slug":"topper-w-dniu-urodzin-4","status":"publish","type":"product","link":"https:\/\/new.decoczar.pl\/index.php\/product\/topper-w-dniu-urodzin-4\/","title":{"rendered":"Topper W dniu urodzin"},"content":{"rendered":"<p>Napisy ze sklejki<\/p>\n<p> \tWymiary 12 cm<br \/>\n \tWysoko\u015b\u0107 8 cm<br \/>\n \tWykonany ze sklejki brzozowej 3 cm<br \/>\n \tSzpikulce<br \/>\n \tGrafika Balony<br \/>\n \tCzas realizacji 2-5 dni roboczych po zaksi\u0119gowaniu wp\u0142aty ! (zale\u017cy Ci na czasie skontaktuj si\u0119 z nami )<\/p>\n<p>WYSY\u0141KA LIST PRIORYTET TOPPER B\u0104D\u0179 KURIER<\/p>\n","protected":false},"excerpt":{"rendered":"<p>Napisy ze sklejki<\/p>\n<p> \tWymiary 12 cm<br \/>\n \tWysoko\u015b\u0107 8 cm<br \/>\n \tWykonany ze sklejki brzozowej 3 cm<br \/>\n \tSzpikulce<br \/>\n \tGrafika Balony<br \/>\n \tCzas realizacji 2-5 dni roboczych po zaksi\u0119gowaniu wp\u0142aty ! (zale\u017cy Ci na czasie skontaktuj si\u0119 z nami )<\/p>\n<p>WYSY\u0141KA LIST PRIORYTET TOPPER B\u0104D\u0179 KURIER<\/p>\n","protected":false},"featured_media":3888,"comment_status":"open","ping_status":"closed","template":"","meta":[],"etheme_brands":[],"product_cat":[64],"product_tag":[],"class_list":["post-6594","product","type-product","status-publish","has-post-thumbnail","hentry","product_cat-topper"],"_links":{"self":[{"href":"https:\/\/new.decoczar.pl\/index.php\/wp-json\/wp\/v2\/product\/6594","targetHints":{"allow":["GET"]}}],"collection":[{"href":"https:\/\/new.decoczar.pl\/index.php\/wp-json\/wp\/v2\/product"}],"about":[{"href":"https:\/\/new.decoczar.pl\/index.php\/wp-json\/wp\/v2\/types\/product"}],"replies":[{"embeddable":true,"href":"https:\/\/new.decoczar.pl\/index.php\/wp-json\/wp\/v2\/comments?post=6594"}],"wp:featuredmedia":[{"embeddable":true,"href":"https:\/\/new.decoczar.pl\/index.php\/wp-json\/wp\/v2\/media\/3888"}],"wp:attachment":[{"href":"https:\/\/new.decoczar.pl\/index.php\/wp-json\/wp\/v2\/media?parent=6594"}],"wp:term":[{"taxonomy":"brand","embeddable":true,"href":"https:\/\/new.decoczar.pl\/index.php\/wp-json\/wp\/v2\/etheme_brands?post=6594"},{"taxonomy":"product_cat","embeddable":true,"href":"https:\/\/new.decoczar.pl\/index.php\/wp-json\/wp\/v2\/product_cat?post=6594"},{"taxonomy":"product_tag","embeddable":true,"href":"https:\/\/new.decoczar.pl\/index.php\/wp-json\/wp\/v2\/product_tag?post=6594"}],"curies":[{"name":"wp","href":"https:\/\/api.w.org\/{rel}","templated":true}]}}