{"id":6712,"date":"2023-07-15T02:17:16","date_gmt":"2023-07-15T00:17:16","guid":{"rendered":"http:\/\/new.decoczar.pl\/index.php\/product\/taca-wraz-z-podkladka-szara-efekt-jedwabiu-4\/"},"modified":"2023-07-15T02:17:16","modified_gmt":"2023-07-15T00:17:16","slug":"taca-wraz-z-podkladka-szara-efekt-jedwabiu-4","status":"publish","type":"product","link":"https:\/\/new.decoczar.pl\/index.php\/product\/taca-wraz-z-podkladka-szara-efekt-jedwabiu-4\/","title":{"rendered":"Taca wraz z podk\u0142adk\u0105 szara &#8222;efekt jedwabiu&#8221;"},"content":{"rendered":"<p>Cechy produktu<\/p>\n<p> \tWymiary : tacy \u015brednica 25 cm podk\u0142adki 12 cm<br \/>\n \tKolor szary<br \/>\n \tWysy\u0142ka tylko kurier \/ pobranie<br \/>\n \tProdukt dost\u0119pny od r\u0119ki<br \/>\n \tW uwagach do zam\u00f3wienia prosz\u0119 wpisa\u0107 wszelkie zmiany<br \/>\n \tZAMAWI\u0104JAC KILKA PRODUKT\u00d3W CZAS REALZIACJI JEST D\u0141U\u017bSZY DO 14 DNI ROBOCZYCH\u00a0<br \/>\n \t\u017bywica posiada atest do \u017cywno\u015bci oraz odporna na ciep\u0142o do 70\u00b0C\u00a0<br \/>\n \tNoga misy &#8211; srebrna<br \/>\n \tMateria\u0142 : \u017cywica<\/p>\n","protected":false},"excerpt":{"rendered":"<p>Cechy produktu<\/p>\n<p> \tWymiary : tacy \u015brednica 25 cm podk\u0142adki 12 cm<br \/>\n \tKolor szary<br \/>\n \tWysy\u0142ka tylko kurier \/ pobranie<br \/>\n \tProdukt dost\u0119pny od r\u0119ki<br \/>\n \tW uwagach do zam\u00f3wienia prosz\u0119 wpisa\u0107 wszelkie zmiany<br \/>\n \tZAMAWI\u0104JAC KILKA PRODUKT\u00d3W CZAS REALZIACJI JEST D\u0141U\u017bSZY DO 14 DNI ROBOCZYCH\u00a0<br \/>\n \t\u017bywica posiada atest do \u017cywno\u015bci oraz odporna na ciep\u0142o do 70\u00b0C\u00a0<br \/>\n \tNoga misy &#8211; srebrna<br \/>\n \tMateria\u0142 : \u017cywica<\/p>\n","protected":false},"featured_media":4653,"comment_status":"open","ping_status":"closed","template":"","meta":[],"etheme_brands":[],"product_cat":[200],"product_tag":[],"class_list":["post-6712","product","type-product","status-publish","has-post-thumbnail","hentry","product_cat-dostepne-od-reki-produkty-z-zywicy-promocja"],"_links":{"self":[{"href":"https:\/\/new.decoczar.pl\/index.php\/wp-json\/wp\/v2\/product\/6712","targetHints":{"allow":["GET"]}}],"collection":[{"href":"https:\/\/new.decoczar.pl\/index.php\/wp-json\/wp\/v2\/product"}],"about":[{"href":"https:\/\/new.decoczar.pl\/index.php\/wp-json\/wp\/v2\/types\/product"}],"replies":[{"embeddable":true,"href":"https:\/\/new.decoczar.pl\/index.php\/wp-json\/wp\/v2\/comments?post=6712"}],"wp:featuredmedia":[{"embeddable":true,"href":"https:\/\/new.decoczar.pl\/index.php\/wp-json\/wp\/v2\/media\/4653"}],"wp:attachment":[{"href":"https:\/\/new.decoczar.pl\/index.php\/wp-json\/wp\/v2\/media?parent=6712"}],"wp:term":[{"taxonomy":"brand","embeddable":true,"href":"https:\/\/new.decoczar.pl\/index.php\/wp-json\/wp\/v2\/etheme_brands?post=6712"},{"taxonomy":"product_cat","embeddable":true,"href":"https:\/\/new.decoczar.pl\/index.php\/wp-json\/wp\/v2\/product_cat?post=6712"},{"taxonomy":"product_tag","embeddable":true,"href":"https:\/\/new.decoczar.pl\/index.php\/wp-json\/wp\/v2\/product_tag?post=6712"}],"curies":[{"name":"wp","href":"https:\/\/api.w.org\/{rel}","templated":true}]}}