{"id":6978,"date":"2023-07-17T20:11:39","date_gmt":"2023-07-17T18:11:39","guid":{"rendered":"http:\/\/new.decoczar.pl\/index.php\/product\/podziekowanie-dla-swiadka-5\/"},"modified":"2023-07-17T20:11:39","modified_gmt":"2023-07-17T18:11:39","slug":"podziekowanie-dla-swiadka-5","status":"publish","type":"product","link":"https:\/\/new.decoczar.pl\/index.php\/product\/podziekowanie-dla-swiadka-5\/","title":{"rendered":"PODZI\u0118KOWANIE dla \u015awiadka"},"content":{"rendered":"<p> \tDrewniane pude\u0142ko<br \/>\n \tDrewniana mucha &#8211; Wymiary 12 cm x 6 cm<br \/>\n \tDrewniane spinki<br \/>\n \tW uwagach do zam\u00f3wienia prosz\u0119 wpisa\u0107 imi\u0119 \u015bwiadka oraz imiona pary m\u0142odej<br \/>\n \tWykonana ze sklejki brzozowej 3 mm<br \/>\n \tRegulacja paska do 52 cm<br \/>\n \tCzas realizacji do 5 dni po zaksi\u0119gowaniu wp\u0142aty<\/p>\n<p>Wysy\u0142ka tylko kurier \/ pobranie<\/p>\n<p>\u00a0<\/p>\n","protected":false},"excerpt":{"rendered":"<p> \tDrewniane pude\u0142ko<br \/>\n \tDrewniana mucha &#8211; Wymiary 12 cm x 6 cm<br \/>\n \tDrewniane spinki<br \/>\n \tW uwagach do zam\u00f3wienia prosz\u0119 wpisa\u0107 imi\u0119 \u015bwiadka oraz imiona pary m\u0142odej<br \/>\n \tWykonana ze sklejki brzozowej 3 mm<br \/>\n \tRegulacja paska do 52 cm<br \/>\n \tCzas realizacji do 5 dni po zaksi\u0119gowaniu wp\u0142aty<\/p>\n<p>Wysy\u0142ka tylko kurier \/ pobranie<\/p>\n<p>\u00a0<\/p>\n","protected":false},"featured_media":3040,"comment_status":"open","ping_status":"closed","template":"","meta":[],"etheme_brands":[],"product_cat":[132],"product_tag":[],"class_list":["post-6978","product","type-product","status-publish","has-post-thumbnail","hentry","product_cat-slub-dekoracje-spinki-i-muchy-drewniane-dodatki"],"_links":{"self":[{"href":"https:\/\/new.decoczar.pl\/index.php\/wp-json\/wp\/v2\/product\/6978","targetHints":{"allow":["GET"]}}],"collection":[{"href":"https:\/\/new.decoczar.pl\/index.php\/wp-json\/wp\/v2\/product"}],"about":[{"href":"https:\/\/new.decoczar.pl\/index.php\/wp-json\/wp\/v2\/types\/product"}],"replies":[{"embeddable":true,"href":"https:\/\/new.decoczar.pl\/index.php\/wp-json\/wp\/v2\/comments?post=6978"}],"wp:featuredmedia":[{"embeddable":true,"href":"https:\/\/new.decoczar.pl\/index.php\/wp-json\/wp\/v2\/media\/3040"}],"wp:attachment":[{"href":"https:\/\/new.decoczar.pl\/index.php\/wp-json\/wp\/v2\/media?parent=6978"}],"wp:term":[{"taxonomy":"brand","embeddable":true,"href":"https:\/\/new.decoczar.pl\/index.php\/wp-json\/wp\/v2\/etheme_brands?post=6978"},{"taxonomy":"product_cat","embeddable":true,"href":"https:\/\/new.decoczar.pl\/index.php\/wp-json\/wp\/v2\/product_cat?post=6978"},{"taxonomy":"product_tag","embeddable":true,"href":"https:\/\/new.decoczar.pl\/index.php\/wp-json\/wp\/v2\/product_tag?post=6978"}],"curies":[{"name":"wp","href":"https:\/\/api.w.org\/{rel}","templated":true}]}}