{"id":6982,"date":"2023-07-17T20:11:39","date_gmt":"2023-07-17T18:11:39","guid":{"rendered":"http:\/\/new.decoczar.pl\/index.php\/product\/kieliszki-do-szampana-z-inicjalami-5\/"},"modified":"2023-07-17T20:11:39","modified_gmt":"2023-07-17T18:11:39","slug":"kieliszki-do-szampana-z-inicjalami-5","status":"publish","type":"product","link":"https:\/\/new.decoczar.pl\/index.php\/product\/kieliszki-do-szampana-z-inicjalami-5\/","title":{"rendered":"Kieliszki do szampana z inicja\u0142ami"},"content":{"rendered":"<p>Kieliszki do szampana<\/p>\n<p> \tDekoracyjne cyrkonie<br \/>\n \tSzk\u0142o<br \/>\n \t2 sztuki<br \/>\n \tWYSY\u0141KA TYLKO KURIER !!!<br \/>\n \tCzas realizacji 7 dni roboczych po zaksi\u0119gowaniu wp\u0142aty<br \/>\n \tZamawiaj\u0105c wiecej produkt\u00f3w czas relizacji jest d\u0142u\u017cszy<\/p>\n","protected":false},"excerpt":{"rendered":"<p>Kieliszki do szampana<\/p>\n<p> \tDekoracyjne cyrkonie<br \/>\n \tSzk\u0142o<br \/>\n \t2 sztuki<br \/>\n \tWYSY\u0141KA TYLKO KURIER !!!<br \/>\n \tCzas realizacji 7 dni roboczych po zaksi\u0119gowaniu wp\u0142aty<br \/>\n \tZamawiaj\u0105c wiecej produkt\u00f3w czas relizacji jest d\u0142u\u017cszy<\/p>\n","protected":false},"featured_media":3052,"comment_status":"open","ping_status":"closed","template":"","meta":[],"etheme_brands":[],"product_cat":[78],"product_tag":[],"class_list":["post-6982","product","type-product","status-publish","has-post-thumbnail","hentry","product_cat-slub-dekoracje"],"_links":{"self":[{"href":"https:\/\/new.decoczar.pl\/index.php\/wp-json\/wp\/v2\/product\/6982","targetHints":{"allow":["GET"]}}],"collection":[{"href":"https:\/\/new.decoczar.pl\/index.php\/wp-json\/wp\/v2\/product"}],"about":[{"href":"https:\/\/new.decoczar.pl\/index.php\/wp-json\/wp\/v2\/types\/product"}],"replies":[{"embeddable":true,"href":"https:\/\/new.decoczar.pl\/index.php\/wp-json\/wp\/v2\/comments?post=6982"}],"wp:featuredmedia":[{"embeddable":true,"href":"https:\/\/new.decoczar.pl\/index.php\/wp-json\/wp\/v2\/media\/3052"}],"wp:attachment":[{"href":"https:\/\/new.decoczar.pl\/index.php\/wp-json\/wp\/v2\/media?parent=6982"}],"wp:term":[{"taxonomy":"brand","embeddable":true,"href":"https:\/\/new.decoczar.pl\/index.php\/wp-json\/wp\/v2\/etheme_brands?post=6982"},{"taxonomy":"product_cat","embeddable":true,"href":"https:\/\/new.decoczar.pl\/index.php\/wp-json\/wp\/v2\/product_cat?post=6982"},{"taxonomy":"product_tag","embeddable":true,"href":"https:\/\/new.decoczar.pl\/index.php\/wp-json\/wp\/v2\/product_tag?post=6982"}],"curies":[{"name":"wp","href":"https:\/\/api.w.org\/{rel}","templated":true}]}}