{"id":7180,"date":"2023-07-20T01:20:43","date_gmt":"2023-07-19T23:20:43","guid":{"rendered":"http:\/\/new.decoczar.pl\/index.php\/product\/ramka-ze-zdjeciem-i-napisami-13\/"},"modified":"2023-07-20T01:20:43","modified_gmt":"2023-07-19T23:20:43","slug":"ramka-ze-zdjeciem-i-napisami-13","status":"publish","type":"product","link":"https:\/\/new.decoczar.pl\/index.php\/product\/ramka-ze-zdjeciem-i-napisami-13\/","title":{"rendered":"Ramka ze zdj\u0119ciem i napisami"},"content":{"rendered":"<p>Ramka ze zdj\u0119ciem klasowym oraz spersonalizowanymi napisami.<\/p>\n<p>Upominek ten idealnie b\u0119dzie pasowa\u0142 na uroczysto\u015bci Zako\u0144czenie Roku Szkolnego gdy b\u0119dziemy chcieli podzi\u0119kowa\u0107 wychowawcy w trud w\u0142o\u017cony w nasze wychowanie !<\/p>\n<p>Niebanalny pomys\u0142, kt\u00f3remu indywidualnie nadasz unikalno\u015bci i charakteru<\/p>\n<p>Ramka r\u00f3wnie\u017c \u015bwietne nadaje si\u0119 jako podzi\u0119kowanie za wsp\u00f3\u0142prac\u0119, przej\u015bcie na emerytur\u0119<\/p>\n<p>\u00a0<\/p>\n","protected":false},"excerpt":{"rendered":"<p>Ramka ze zdj\u0119ciem klasowym oraz spersonalizowanymi napisami.<\/p>\n<p>Upominek ten idealnie b\u0119dzie pasowa\u0142 na uroczysto\u015bci Zako\u0144czenie Roku Szkolnego gdy b\u0119dziemy chcieli podzi\u0119kowa\u0107 wychowawcy w trud w\u0142o\u017cony w nasze wychowanie !<\/p>\n<p>Niebanalny pomys\u0142, kt\u00f3remu indywidualnie nadasz unikalno\u015bci i charakteru<\/p>\n<p>Ramka r\u00f3wnie\u017c \u015bwietne nadaje si\u0119 jako podzi\u0119kowanie za wsp\u00f3\u0142prac\u0119, przej\u015bcie na emerytur\u0119<\/p>\n<p>\u00a0<\/p>\n","protected":false},"featured_media":3988,"comment_status":"open","ping_status":"closed","template":"","meta":[],"etheme_brands":[],"product_cat":[77],"product_tag":[],"class_list":["post-7180","product","type-product","status-publish","has-post-thumbnail","hentry","product_cat-dzien-nauczyciela-zakonczenie-roku"],"_links":{"self":[{"href":"https:\/\/new.decoczar.pl\/index.php\/wp-json\/wp\/v2\/product\/7180","targetHints":{"allow":["GET"]}}],"collection":[{"href":"https:\/\/new.decoczar.pl\/index.php\/wp-json\/wp\/v2\/product"}],"about":[{"href":"https:\/\/new.decoczar.pl\/index.php\/wp-json\/wp\/v2\/types\/product"}],"replies":[{"embeddable":true,"href":"https:\/\/new.decoczar.pl\/index.php\/wp-json\/wp\/v2\/comments?post=7180"}],"wp:featuredmedia":[{"embeddable":true,"href":"https:\/\/new.decoczar.pl\/index.php\/wp-json\/wp\/v2\/media\/3988"}],"wp:attachment":[{"href":"https:\/\/new.decoczar.pl\/index.php\/wp-json\/wp\/v2\/media?parent=7180"}],"wp:term":[{"taxonomy":"brand","embeddable":true,"href":"https:\/\/new.decoczar.pl\/index.php\/wp-json\/wp\/v2\/etheme_brands?post=7180"},{"taxonomy":"product_cat","embeddable":true,"href":"https:\/\/new.decoczar.pl\/index.php\/wp-json\/wp\/v2\/product_cat?post=7180"},{"taxonomy":"product_tag","embeddable":true,"href":"https:\/\/new.decoczar.pl\/index.php\/wp-json\/wp\/v2\/product_tag?post=7180"}],"curies":[{"name":"wp","href":"https:\/\/api.w.org\/{rel}","templated":true}]}}