{"id":7199,"date":"2023-07-20T01:20:46","date_gmt":"2023-07-19T23:20:46","guid":{"rendered":"http:\/\/new.decoczar.pl\/index.php\/product\/podziekowania-dla-gosci-serce-chrzest-swiety-z-magnesem-5\/"},"modified":"2023-07-20T01:20:46","modified_gmt":"2023-07-19T23:20:46","slug":"podziekowania-dla-gosci-serce-chrzest-swiety-z-magnesem-5","status":"publish","type":"product","link":"https:\/\/new.decoczar.pl\/index.php\/product\/podziekowania-dla-gosci-serce-chrzest-swiety-z-magnesem-5\/","title":{"rendered":"Podzi\u0119kowania dla go\u015bci Serce Chrzest \u015awi\u0119ty z magnesem"},"content":{"rendered":"<p>Podzi\u0119kowanie dla go\u015bci w formie drewnianego Serca<br \/>\nPodzi\u0119kowanie go\u015bciom za przybycie na uroczysto\u015b\u0107 Chrztu \u015awi\u0119tego b\u0119dzie bardzo mi\u0142ym gestem . Drewniane serce b\u0119dzie przywo\u0142ywa\u0142 wspomnienia z tej uroczystej chwili w pami\u0119ci go\u015bci.<br \/>\nZ pewno\u015bci\u0105 wszyscy doceni\u0105 ten gest.<br \/>\n\u00a0<\/p>\n","protected":false},"excerpt":{"rendered":"<p>Podzi\u0119kowanie dla go\u015bci w formie drewnianego Serca<br \/>\nPodzi\u0119kowanie go\u015bciom za przybycie na uroczysto\u015b\u0107 Chrztu \u015awi\u0119tego b\u0119dzie bardzo mi\u0142ym gestem . Drewniane serce b\u0119dzie przywo\u0142ywa\u0142 wspomnienia z tej uroczystej chwili w pami\u0119ci go\u015bci.<br \/>\nZ pewno\u015bci\u0105 wszyscy doceni\u0105 ten gest.<br \/>\n\u00a0<\/p>\n","protected":false},"featured_media":4077,"comment_status":"open","ping_status":"closed","template":"","meta":[],"etheme_brands":[],"product_cat":[83],"product_tag":[],"class_list":["post-7199","product","type-product","status-publish","has-post-thumbnail","hentry","product_cat-chrzest-swiety"],"_links":{"self":[{"href":"https:\/\/new.decoczar.pl\/index.php\/wp-json\/wp\/v2\/product\/7199","targetHints":{"allow":["GET"]}}],"collection":[{"href":"https:\/\/new.decoczar.pl\/index.php\/wp-json\/wp\/v2\/product"}],"about":[{"href":"https:\/\/new.decoczar.pl\/index.php\/wp-json\/wp\/v2\/types\/product"}],"replies":[{"embeddable":true,"href":"https:\/\/new.decoczar.pl\/index.php\/wp-json\/wp\/v2\/comments?post=7199"}],"wp:featuredmedia":[{"embeddable":true,"href":"https:\/\/new.decoczar.pl\/index.php\/wp-json\/wp\/v2\/media\/4077"}],"wp:attachment":[{"href":"https:\/\/new.decoczar.pl\/index.php\/wp-json\/wp\/v2\/media?parent=7199"}],"wp:term":[{"taxonomy":"brand","embeddable":true,"href":"https:\/\/new.decoczar.pl\/index.php\/wp-json\/wp\/v2\/etheme_brands?post=7199"},{"taxonomy":"product_cat","embeddable":true,"href":"https:\/\/new.decoczar.pl\/index.php\/wp-json\/wp\/v2\/product_cat?post=7199"},{"taxonomy":"product_tag","embeddable":true,"href":"https:\/\/new.decoczar.pl\/index.php\/wp-json\/wp\/v2\/product_tag?post=7199"}],"curies":[{"name":"wp","href":"https:\/\/api.w.org\/{rel}","templated":true}]}}