{"id":7208,"date":"2023-07-20T01:22:05","date_gmt":"2023-07-19T23:22:05","guid":{"rendered":"http:\/\/new.decoczar.pl\/index.php\/product\/ramka-z-grawerem-58\/"},"modified":"2023-07-20T01:22:05","modified_gmt":"2023-07-19T23:22:05","slug":"ramka-z-grawerem-58","status":"publish","type":"product","link":"https:\/\/new.decoczar.pl\/index.php\/product\/ramka-z-grawerem-58\/","title":{"rendered":"Ramka z grawerem"},"content":{"rendered":"<p>Ramka z drewnianymi serduszkami i grawerem.<\/p>\n<p>Upominek ten idealnie b\u0119dzie pasowa\u0142 na uroczysto\u015bci Dzie\u0144 Nauczyciela\/Zako\u0144czenie Roku gdy b\u0119dziemy chcieli podzi\u0119kowa\u0107 wychowawcy w trud w\u0142o\u017cony w nasze wychowanie !<\/p>\n<p>Niebanalny pomys\u0142, kt\u00f3remu indywidualnie nadasz unikalno\u015bci i charakteru.<\/p>\n<p>\u00a0<\/p>\n","protected":false},"excerpt":{"rendered":"<p>Ramka z drewnianymi serduszkami i grawerem.<\/p>\n<p>Upominek ten idealnie b\u0119dzie pasowa\u0142 na uroczysto\u015bci Dzie\u0144 Nauczyciela\/Zako\u0144czenie Roku gdy b\u0119dziemy chcieli podzi\u0119kowa\u0107 wychowawcy w trud w\u0142o\u017cony w nasze wychowanie !<\/p>\n<p>Niebanalny pomys\u0142, kt\u00f3remu indywidualnie nadasz unikalno\u015bci i charakteru.<\/p>\n<p>\u00a0<\/p>\n","protected":false},"featured_media":4150,"comment_status":"open","ping_status":"closed","template":"","meta":[],"etheme_brands":[],"product_cat":[77],"product_tag":[],"class_list":["post-7208","product","type-product","status-publish","has-post-thumbnail","hentry","product_cat-dzien-nauczyciela-zakonczenie-roku"],"_links":{"self":[{"href":"https:\/\/new.decoczar.pl\/index.php\/wp-json\/wp\/v2\/product\/7208","targetHints":{"allow":["GET"]}}],"collection":[{"href":"https:\/\/new.decoczar.pl\/index.php\/wp-json\/wp\/v2\/product"}],"about":[{"href":"https:\/\/new.decoczar.pl\/index.php\/wp-json\/wp\/v2\/types\/product"}],"replies":[{"embeddable":true,"href":"https:\/\/new.decoczar.pl\/index.php\/wp-json\/wp\/v2\/comments?post=7208"}],"wp:featuredmedia":[{"embeddable":true,"href":"https:\/\/new.decoczar.pl\/index.php\/wp-json\/wp\/v2\/media\/4150"}],"wp:attachment":[{"href":"https:\/\/new.decoczar.pl\/index.php\/wp-json\/wp\/v2\/media?parent=7208"}],"wp:term":[{"taxonomy":"brand","embeddable":true,"href":"https:\/\/new.decoczar.pl\/index.php\/wp-json\/wp\/v2\/etheme_brands?post=7208"},{"taxonomy":"product_cat","embeddable":true,"href":"https:\/\/new.decoczar.pl\/index.php\/wp-json\/wp\/v2\/product_cat?post=7208"},{"taxonomy":"product_tag","embeddable":true,"href":"https:\/\/new.decoczar.pl\/index.php\/wp-json\/wp\/v2\/product_tag?post=7208"}],"curies":[{"name":"wp","href":"https:\/\/api.w.org\/{rel}","templated":true}]}}