{"id":7223,"date":"2023-07-20T01:22:07","date_gmt":"2023-07-19T23:22:07","guid":{"rendered":"http:\/\/new.decoczar.pl\/index.php\/product\/wasz-pierwszy-milion-9\/"},"modified":"2023-07-20T01:22:07","modified_gmt":"2023-07-19T23:22:07","slug":"wasz-pierwszy-milion-9","status":"publish","type":"product","link":"https:\/\/new.decoczar.pl\/index.php\/product\/wasz-pierwszy-milion-9\/","title":{"rendered":"Wasz Pierwszy Milion"},"content":{"rendered":"<p>Ramka ozdobna Wasz Pierwszy Milion<\/p>\n<p> \tFormat A4 20\u00d730 cm\u00a0<br \/>\n \tWysokiej jako\u015bci wydruk na papierze kredowym<br \/>\n \tBia\u0142a ramka z ochronn\u0105 plexi<br \/>\n \tIstniej mo\u017cliwo\u015b\u0107 zam\u00f3wienia ramki w formacie A3 30\u00d740 cm\u00a0<br \/>\n \tW uwagach dla klienta prosz\u0119 wpisa\u0107 daty oraz imiona<\/p>\n<p>WYSY\u0141KA TYLKO KURIER<\/p>\n","protected":false},"excerpt":{"rendered":"<p>Ramka ozdobna Wasz Pierwszy Milion<\/p>\n<p> \tFormat A4 20\u00d730 cm\u00a0<br \/>\n \tWysokiej jako\u015bci wydruk na papierze kredowym<br \/>\n \tBia\u0142a ramka z ochronn\u0105 plexi<br \/>\n \tIstniej mo\u017cliwo\u015b\u0107 zam\u00f3wienia ramki w formacie A3 30\u00d740 cm\u00a0<br \/>\n \tW uwagach dla klienta prosz\u0119 wpisa\u0107 daty oraz imiona<\/p>\n<p>WYSY\u0141KA TYLKO KURIER<\/p>\n","protected":false},"featured_media":3943,"comment_status":"open","ping_status":"closed","template":"","meta":[],"etheme_brands":[],"product_cat":[78],"product_tag":[],"class_list":["post-7223","product","type-product","status-publish","has-post-thumbnail","hentry","product_cat-slub-dekoracje"],"_links":{"self":[{"href":"https:\/\/new.decoczar.pl\/index.php\/wp-json\/wp\/v2\/product\/7223","targetHints":{"allow":["GET"]}}],"collection":[{"href":"https:\/\/new.decoczar.pl\/index.php\/wp-json\/wp\/v2\/product"}],"about":[{"href":"https:\/\/new.decoczar.pl\/index.php\/wp-json\/wp\/v2\/types\/product"}],"replies":[{"embeddable":true,"href":"https:\/\/new.decoczar.pl\/index.php\/wp-json\/wp\/v2\/comments?post=7223"}],"wp:featuredmedia":[{"embeddable":true,"href":"https:\/\/new.decoczar.pl\/index.php\/wp-json\/wp\/v2\/media\/3943"}],"wp:attachment":[{"href":"https:\/\/new.decoczar.pl\/index.php\/wp-json\/wp\/v2\/media?parent=7223"}],"wp:term":[{"taxonomy":"brand","embeddable":true,"href":"https:\/\/new.decoczar.pl\/index.php\/wp-json\/wp\/v2\/etheme_brands?post=7223"},{"taxonomy":"product_cat","embeddable":true,"href":"https:\/\/new.decoczar.pl\/index.php\/wp-json\/wp\/v2\/product_cat?post=7223"},{"taxonomy":"product_tag","embeddable":true,"href":"https:\/\/new.decoczar.pl\/index.php\/wp-json\/wp\/v2\/product_tag?post=7223"}],"curies":[{"name":"wp","href":"https:\/\/api.w.org\/{rel}","templated":true}]}}