{"id":7249,"date":"2023-07-28T08:09:15","date_gmt":"2023-07-28T06:09:15","guid":{"rendered":"http:\/\/new.decoczar.pl\/index.php\/product\/deska-taca-dekoracyjna-drewniana-z-zywicy-morska-6\/"},"modified":"2023-07-28T08:09:15","modified_gmt":"2023-07-28T06:09:15","slug":"deska-taca-dekoracyjna-drewniana-z-zywicy-morska-6","status":"publish","type":"product","link":"https:\/\/new.decoczar.pl\/index.php\/product\/deska-taca-dekoracyjna-drewniana-z-zywicy-morska-6\/","title":{"rendered":"Deska\/taca dekoracyjna drewniana z \u017cywicy MORSKA"},"content":{"rendered":"<p> \tWymiary : \u015brednica ok 32<br \/>\n \tDeska bambusowa<br \/>\n \tKolor niebieski, morski biel + dodatki<br \/>\n \tW uwagach do zam\u00f3wienia prosz\u0119 wpisa\u0107 wszelkie zmiany<br \/>\n \tCzas realizacji 5-7 dni roboczych po zaksi\u0119gowaniu wp\u0142aty (praca z \u017cywic\u0105 uzale\u017cniona jest od pogody )<br \/>\n \tMo\u017cliwo\u015b\u0107 dokupienia podk\u0142adek do kompletu<br \/>\n \tProdukt wykonany r\u0119cznie<\/p>\n","protected":false},"excerpt":{"rendered":"<p> \tWymiary : \u015brednica ok 32<br \/>\n \tDeska bambusowa<br \/>\n \tKolor niebieski, morski biel + dodatki<br \/>\n \tW uwagach do zam\u00f3wienia prosz\u0119 wpisa\u0107 wszelkie zmiany<br \/>\n \tCzas realizacji 5-7 dni roboczych po zaksi\u0119gowaniu wp\u0142aty (praca z \u017cywic\u0105 uzale\u017cniona jest od pogody )<br \/>\n \tMo\u017cliwo\u015b\u0107 dokupienia podk\u0142adek do kompletu<br \/>\n \tProdukt wykonany r\u0119cznie<\/p>\n","protected":false},"featured_media":4536,"comment_status":"open","ping_status":"closed","template":"","meta":[],"etheme_brands":[],"product_cat":[230],"product_tag":[],"class_list":["post-7249","product","type-product","status-publish","has-post-thumbnail","hentry","product_cat-dostepne-od-reki-promocja-tace-dekoracyjne"],"_links":{"self":[{"href":"https:\/\/new.decoczar.pl\/index.php\/wp-json\/wp\/v2\/product\/7249","targetHints":{"allow":["GET"]}}],"collection":[{"href":"https:\/\/new.decoczar.pl\/index.php\/wp-json\/wp\/v2\/product"}],"about":[{"href":"https:\/\/new.decoczar.pl\/index.php\/wp-json\/wp\/v2\/types\/product"}],"replies":[{"embeddable":true,"href":"https:\/\/new.decoczar.pl\/index.php\/wp-json\/wp\/v2\/comments?post=7249"}],"wp:featuredmedia":[{"embeddable":true,"href":"https:\/\/new.decoczar.pl\/index.php\/wp-json\/wp\/v2\/media\/4536"}],"wp:attachment":[{"href":"https:\/\/new.decoczar.pl\/index.php\/wp-json\/wp\/v2\/media?parent=7249"}],"wp:term":[{"taxonomy":"brand","embeddable":true,"href":"https:\/\/new.decoczar.pl\/index.php\/wp-json\/wp\/v2\/etheme_brands?post=7249"},{"taxonomy":"product_cat","embeddable":true,"href":"https:\/\/new.decoczar.pl\/index.php\/wp-json\/wp\/v2\/product_cat?post=7249"},{"taxonomy":"product_tag","embeddable":true,"href":"https:\/\/new.decoczar.pl\/index.php\/wp-json\/wp\/v2\/product_tag?post=7249"}],"curies":[{"name":"wp","href":"https:\/\/api.w.org\/{rel}","templated":true}]}}