{"id":7321,"date":"2023-07-28T08:10:57","date_gmt":"2023-07-28T06:10:57","guid":{"rendered":"http:\/\/new.decoczar.pl\/index.php\/product\/topper-komunijny-zloty-6\/"},"modified":"2023-07-28T08:10:57","modified_gmt":"2023-07-28T06:10:57","slug":"topper-komunijny-zloty-6","status":"publish","type":"product","link":"https:\/\/new.decoczar.pl\/index.php\/product\/topper-komunijny-zloty-6\/","title":{"rendered":"Topper Komunijny z\u0142oty"},"content":{"rendered":"<p>Opis produktu<\/p>\n<p> \tWymiary szeroko\u015b\u0107 15 cm<br \/>\n \tWysoko\u015b\u0107 15 cm<br \/>\n \tWykonany ze sklejki brzozowej 3 cm<br \/>\n \tGrafika<br \/>\n \tKolor z\u0142oty<br \/>\n \tArtyku\u0142 jako dodatek na st\u00f3\u0142 komunijny, lub gad\u017cet do zdj\u0119\u0107.<br \/>\n \tCzas realizacji do 5 dni roboczych po zaksi\u0119gowaniu wp\u0142aty<br \/>\n \tZamawiaj\u0105c wi\u0119cej produkt\u00f3w czas realizacji jest d\u0142u\u017cszy do 14 dni roboczych<br \/>\n \tProdukt Polski<\/p>\n","protected":false},"excerpt":{"rendered":"<p>Opis produktu<\/p>\n<p> \tWymiary szeroko\u015b\u0107 15 cm<br \/>\n \tWysoko\u015b\u0107 15 cm<br \/>\n \tWykonany ze sklejki brzozowej 3 cm<br \/>\n \tGrafika<br \/>\n \tKolor z\u0142oty<br \/>\n \tArtyku\u0142 jako dodatek na st\u00f3\u0142 komunijny, lub gad\u017cet do zdj\u0119\u0107.<br \/>\n \tCzas realizacji do 5 dni roboczych po zaksi\u0119gowaniu wp\u0142aty<br \/>\n \tZamawiaj\u0105c wi\u0119cej produkt\u00f3w czas realizacji jest d\u0142u\u017cszy do 14 dni roboczych<br \/>\n \tProdukt Polski<\/p>\n","protected":false},"featured_media":2193,"comment_status":"open","ping_status":"closed","template":"","meta":[],"etheme_brands":[],"product_cat":[62],"product_tag":[],"class_list":["post-7321","product","type-product","status-publish","has-post-thumbnail","hentry","product_cat-komunia-swieta-topper"],"_links":{"self":[{"href":"https:\/\/new.decoczar.pl\/index.php\/wp-json\/wp\/v2\/product\/7321","targetHints":{"allow":["GET"]}}],"collection":[{"href":"https:\/\/new.decoczar.pl\/index.php\/wp-json\/wp\/v2\/product"}],"about":[{"href":"https:\/\/new.decoczar.pl\/index.php\/wp-json\/wp\/v2\/types\/product"}],"replies":[{"embeddable":true,"href":"https:\/\/new.decoczar.pl\/index.php\/wp-json\/wp\/v2\/comments?post=7321"}],"wp:featuredmedia":[{"embeddable":true,"href":"https:\/\/new.decoczar.pl\/index.php\/wp-json\/wp\/v2\/media\/2193"}],"wp:attachment":[{"href":"https:\/\/new.decoczar.pl\/index.php\/wp-json\/wp\/v2\/media?parent=7321"}],"wp:term":[{"taxonomy":"brand","embeddable":true,"href":"https:\/\/new.decoczar.pl\/index.php\/wp-json\/wp\/v2\/etheme_brands?post=7321"},{"taxonomy":"product_cat","embeddable":true,"href":"https:\/\/new.decoczar.pl\/index.php\/wp-json\/wp\/v2\/product_cat?post=7321"},{"taxonomy":"product_tag","embeddable":true,"href":"https:\/\/new.decoczar.pl\/index.php\/wp-json\/wp\/v2\/product_tag?post=7321"}],"curies":[{"name":"wp","href":"https:\/\/api.w.org\/{rel}","templated":true}]}}