{"id":7386,"date":"2023-07-28T08:12:56","date_gmt":"2023-07-28T06:12:56","guid":{"rendered":"http:\/\/new.decoczar.pl\/index.php\/product\/podziekowania-dla-gosci-skrzydelka-z-magnesem-12\/"},"modified":"2023-07-28T08:12:56","modified_gmt":"2023-07-28T06:12:56","slug":"podziekowania-dla-gosci-skrzydelka-z-magnesem-12","status":"publish","type":"product","link":"https:\/\/new.decoczar.pl\/index.php\/product\/podziekowania-dla-gosci-skrzydelka-z-magnesem-12\/","title":{"rendered":"Podzi\u0119kowania dla go\u015bci skrzyde\u0142ka z magnesem"},"content":{"rendered":"<p>Podzi\u0119kowanie drewniane dla go\u015bci na Komuni\u0119 \u015awi\u0119t\u0105\u00a0<\/p>\n<p> \tCi\u0119cie laserowe<br \/>\n \tWymiary 9,5 x 5&#215;5 cm\u00a0<br \/>\n \tWykonane ze sklejki brzozowej 3 mm<br \/>\n \tGrawer mo\u017cemy dowolnie modyfikowa\u0107<br \/>\n \tW uwagach do zam\u00f3wienia prosz\u0119 wpisa\u0107 imi\u0119 i dat\u0119<br \/>\n \tMagnes<br \/>\n \tZamawiaj\u0105c powy\u017cej 5 szt czas realizacji jest ok 10 dni roboczych po zaksi\u0119gowaniu wp\u0142aty<\/p>\n<p>\u00a0<\/p>\n","protected":false},"excerpt":{"rendered":"<p>Podzi\u0119kowanie drewniane dla go\u015bci na Komuni\u0119 \u015awi\u0119t\u0105\u00a0<\/p>\n<p> \tCi\u0119cie laserowe<br \/>\n \tWymiary 9,5 x 5&#215;5 cm\u00a0<br \/>\n \tWykonane ze sklejki brzozowej 3 mm<br \/>\n \tGrawer mo\u017cemy dowolnie modyfikowa\u0107<br \/>\n \tW uwagach do zam\u00f3wienia prosz\u0119 wpisa\u0107 imi\u0119 i dat\u0119<br \/>\n \tMagnes<br \/>\n \tZamawiaj\u0105c powy\u017cej 5 szt czas realizacji jest ok 10 dni roboczych po zaksi\u0119gowaniu wp\u0142aty<\/p>\n<p>\u00a0<\/p>\n","protected":false},"featured_media":2403,"comment_status":"open","ping_status":"closed","template":"","meta":[],"etheme_brands":[],"product_cat":[83],"product_tag":[],"class_list":["post-7386","product","type-product","status-publish","has-post-thumbnail","hentry","product_cat-chrzest-swiety"],"_links":{"self":[{"href":"https:\/\/new.decoczar.pl\/index.php\/wp-json\/wp\/v2\/product\/7386","targetHints":{"allow":["GET"]}}],"collection":[{"href":"https:\/\/new.decoczar.pl\/index.php\/wp-json\/wp\/v2\/product"}],"about":[{"href":"https:\/\/new.decoczar.pl\/index.php\/wp-json\/wp\/v2\/types\/product"}],"replies":[{"embeddable":true,"href":"https:\/\/new.decoczar.pl\/index.php\/wp-json\/wp\/v2\/comments?post=7386"}],"wp:featuredmedia":[{"embeddable":true,"href":"https:\/\/new.decoczar.pl\/index.php\/wp-json\/wp\/v2\/media\/2403"}],"wp:attachment":[{"href":"https:\/\/new.decoczar.pl\/index.php\/wp-json\/wp\/v2\/media?parent=7386"}],"wp:term":[{"taxonomy":"brand","embeddable":true,"href":"https:\/\/new.decoczar.pl\/index.php\/wp-json\/wp\/v2\/etheme_brands?post=7386"},{"taxonomy":"product_cat","embeddable":true,"href":"https:\/\/new.decoczar.pl\/index.php\/wp-json\/wp\/v2\/product_cat?post=7386"},{"taxonomy":"product_tag","embeddable":true,"href":"https:\/\/new.decoczar.pl\/index.php\/wp-json\/wp\/v2\/product_tag?post=7386"}],"curies":[{"name":"wp","href":"https:\/\/api.w.org\/{rel}","templated":true}]}}